{"id":29931,"date":"2020-07-16T14:20:32","date_gmt":"2020-07-16T18:20:32","guid":{"rendered":"https:\/\/www.canadim.com\/immigrate\/express-entry\/"},"modified":"2024-05-27T12:45:05","modified_gmt":"2024-05-27T16:45:05","slug":"entree-express","status":"publish","type":"page","link":"https:\/\/www.canadim.com\/fr\/immigrer\/entree-express\/","title":{"rendered":"Guide d&#8217;entr\u00e9e express au Canada"},"content":{"rendered":"\n<p>Entr\u00e9e Express est la voie la plus rapide et la plus populaire vers la r\u00e9sidence permanente pour les immigrants qui cherchent une nouvelle vie au Canada.<\/p>\n\n\n\n<p>Le Canada accueille chaque ann\u00e9e environ 110 000 travailleurs qualifi\u00e9s par le biais du syst\u00e8me Entr\u00e9e Express.<\/p>\n","protected":false},"excerpt":{"rendered":"<p>Entr\u00e9e Express est la voie la plus rapide et la plus populaire vers la r\u00e9sidence permanente pour les immigrants qui cherchent une nouvelle vie au [&hellip;]<\/p>\n","protected":false},"author":35,"featured_media":0,"parent":29895,"menu_order":1,"comment_status":"closed","ping_status":"closed","template":"","meta":{"_acf_changed":true,"footnotes":""},"tags":[],"class_list":["post-29931","page","type-page","status-publish","hentry"],"acf":[],"yoast_head":"<!-- This site is optimized with the Yoast SEO Premium plugin v22.7 (Yoast SEO v26.6) - https:\/\/yoast.com\/wordpress\/plugins\/seo\/ -->\n<title>Guide d&#039;entr\u00e9e express au Canada - Canadim<\/title>\n<meta name=\"description\" content=\"Entr\u00e9e Express est le moyen le plus populaire d&#039;immigrer au Canada et donne aux demandeurs la r\u00e9sidence permanente canadienne.\" \/>\n<meta name=\"robots\" content=\"index, follow, max-snippet:-1, max-image-preview:large, max-video-preview:-1\" \/>\n<link rel=\"canonical\" href=\"https:\/\/www.canadim.com\/fr\/immigrer\/entree-express\/\" \/>\n<meta property=\"og:locale\" content=\"fr_FR\" \/>\n<meta property=\"og:type\" content=\"article\" \/>\n<meta property=\"og:title\" content=\"Guide d&#039;entr\u00e9e express au Canada\" \/>\n<meta property=\"og:description\" content=\"Entr\u00e9e Express est le moyen le plus populaire d&#039;immigrer au Canada et donne aux demandeurs la r\u00e9sidence permanente canadienne.\" \/>\n<meta property=\"og:url\" content=\"https:\/\/www.canadim.com\/fr\/immigrer\/entree-express\/\" \/>\n<meta property=\"og:site_name\" content=\"Canadim\" \/>\n<meta property=\"article:modified_time\" content=\"2024-05-27T16:45:05+00:00\" \/>\n<meta property=\"og:image\" content=\"https:\/\/www.canadim.com\/app\/uploads\/2024\/06\/SMO-EN-CANADIM-1.png\" \/>\n\t<meta property=\"og:image:width\" content=\"1200\" \/>\n\t<meta property=\"og:image:height\" content=\"630\" \/>\n\t<meta property=\"og:image:type\" content=\"image\/png\" \/>\n<meta name=\"twitter:card\" content=\"summary_large_image\" \/>\n<meta name=\"twitter:label1\" content=\"Dur\u00e9e de lecture estim\u00e9e\" \/>\n\t<meta name=\"twitter:data1\" content=\"1 minute\" \/>\n<!-- \/ Yoast SEO Premium plugin. -->","yoast_head_json":{"title":"Guide d'entr\u00e9e express au Canada - Canadim","description":"Entr\u00e9e Express est le moyen le plus populaire d'immigrer au Canada et donne aux demandeurs la r\u00e9sidence permanente canadienne.","robots":{"index":"index","follow":"follow","max-snippet":"max-snippet:-1","max-image-preview":"max-image-preview:large","max-video-preview":"max-video-preview:-1"},"canonical":"https:\/\/www.canadim.com\/fr\/immigrer\/entree-express\/","og_locale":"fr_FR","og_type":"article","og_title":"Guide d'entr\u00e9e express au Canada","og_description":"Entr\u00e9e Express est le moyen le plus populaire d'immigrer au Canada et donne aux demandeurs la r\u00e9sidence permanente canadienne.","og_url":"https:\/\/www.canadim.com\/fr\/immigrer\/entree-express\/","og_site_name":"Canadim","article_modified_time":"2024-05-27T16:45:05+00:00","og_image":[{"width":1200,"height":630,"url":"https:\/\/www.canadim.com\/app\/uploads\/2024\/06\/SMO-EN-CANADIM-1.png","type":"image\/png"}],"twitter_card":"summary_large_image","twitter_misc":{"Dur\u00e9e de lecture estim\u00e9e":"1 minute"},"schema":{"@context":"https:\/\/schema.org","@graph":[{"@type":"WebPage","@id":"https:\/\/www.canadim.com\/fr\/immigrer\/entree-express\/","url":"https:\/\/www.canadim.com\/fr\/immigrer\/entree-express\/","name":"Guide d'entr\u00e9e express au Canada - Canadim","isPartOf":{"@id":"https:\/\/www.canadim.com\/#website"},"datePublished":"2020-07-16T18:20:32+00:00","dateModified":"2024-05-27T16:45:05+00:00","description":"Entr\u00e9e Express est le moyen le plus populaire d'immigrer au Canada et donne aux demandeurs la r\u00e9sidence permanente canadienne.","breadcrumb":{"@id":"https:\/\/www.canadim.com\/fr\/immigrer\/entree-express\/#breadcrumb"},"inLanguage":"fr-FR","potentialAction":[{"@type":"ReadAction","target":["https:\/\/www.canadim.com\/fr\/immigrer\/entree-express\/"]}]},{"@type":"BreadcrumbList","@id":"https:\/\/www.canadim.com\/fr\/immigrer\/entree-express\/#breadcrumb","itemListElement":[{"@type":"ListItem","position":1,"name":"Home","item":"https:\/\/www.canadim.com\/fr\/"},{"@type":"ListItem","position":2,"name":"Comment immigrer au Canada","item":"https:\/\/www.canadim.com\/fr\/immigrer\/"},{"@type":"ListItem","position":3,"name":"Guide d&#8217;entr\u00e9e express au Canada"}]},{"@type":"WebSite","@id":"https:\/\/www.canadim.com\/#website","url":"https:\/\/www.canadim.com\/","name":"Canadim","description":"Canadian Immigration Law Firm","publisher":{"@id":"https:\/\/www.canadim.com\/#organization"},"potentialAction":[{"@type":"SearchAction","target":{"@type":"EntryPoint","urlTemplate":"https:\/\/www.canadim.com\/?s={search_term_string}"},"query-input":{"@type":"PropertyValueSpecification","valueRequired":true,"valueName":"search_term_string"}}],"inLanguage":"fr-FR"},{"@type":"Organization","@id":"https:\/\/www.canadim.com\/#organization","name":"Canadim","url":"https:\/\/www.canadim.com\/","logo":{"@type":"ImageObject","inLanguage":"fr-FR","@id":"https:\/\/www.canadim.com\/#\/schema\/logo\/image\/","url":"https:\/\/www.canadim.com\/app\/uploads\/2019\/05\/Logo1024.png","contentUrl":"https:\/\/www.canadim.com\/app\/uploads\/2019\/05\/Logo1024.png","width":1200,"height":675,"caption":"Canadim"},"image":{"@id":"https:\/\/www.canadim.com\/#\/schema\/logo\/image\/"}}]}},"_links":{"self":[{"href":"https:\/\/www.canadim.com\/fr\/wp-json\/wp\/v2\/pages\/29931","targetHints":{"allow":["GET"]}}],"collection":[{"href":"https:\/\/www.canadim.com\/fr\/wp-json\/wp\/v2\/pages"}],"about":[{"href":"https:\/\/www.canadim.com\/fr\/wp-json\/wp\/v2\/types\/page"}],"author":[{"embeddable":true,"href":"https:\/\/www.canadim.com\/fr\/wp-json\/wp\/v2\/users\/35"}],"replies":[{"embeddable":true,"href":"https:\/\/www.canadim.com\/fr\/wp-json\/wp\/v2\/comments?post=29931"}],"version-history":[{"count":0,"href":"https:\/\/www.canadim.com\/fr\/wp-json\/wp\/v2\/pages\/29931\/revisions"}],"up":[{"embeddable":true,"href":"https:\/\/www.canadim.com\/fr\/wp-json\/wp\/v2\/pages\/29895"}],"wp:attachment":[{"href":"https:\/\/www.canadim.com\/fr\/wp-json\/wp\/v2\/media?parent=29931"}],"wp:term":[{"taxonomy":"post_tag","embeddable":true,"href":"https:\/\/www.canadim.com\/fr\/wp-json\/wp\/v2\/tags?post=29931"}],"curies":[{"name":"wp","href":"https:\/\/api.w.org\/{rel}","templated":true}]}}