{"id":29956,"date":"2024-05-23T13:39:08","date_gmt":"2024-05-23T17:39:08","guid":{"rendered":"https:\/\/www.canadim.com\/sponsorship\/"},"modified":"2024-05-23T13:39:10","modified_gmt":"2024-05-23T17:39:10","slug":"parrainage","status":"publish","type":"page","link":"https:\/\/www.canadim.com\/fr\/parrainage\/","title":{"rendered":"Parrainage canadien"},"content":{"rendered":"<p><span style=\"font-weight: 400;\">En tant que nation engag\u00e9e dans la r\u00e9unification des familles afin de garder les \u00eatres chers ensemble, le Canada offre un certain nombre de programmes d&#8217;immigration qui donnent aux Canadiens et aux r\u00e9sidents permanents la possibilit\u00e9 de parrainer les membres de leur famille au Canada.<\/span><\/p>\n<p><span style=\"font-weight: 400;\">Si vous voulez parrainer votre conjoint ou vos enfants, ou si vous voulez \u00eatre parrain\u00e9, nous pouvons vous aider ! Il suffit de remplir notre \u00e9valuation gratuite de parrainage et un membre de l&#8217;\u00e9quipe Canadim vous contactera pour discuter de vos options !<\/span><\/p>\n","protected":false},"excerpt":{"rendered":"<p>En tant que nation engag\u00e9e dans la r\u00e9unification des familles afin de garder les \u00eatres chers ensemble, le Canada offre un certain nombre de programmes [&hellip;]<\/p>\n","protected":false},"author":35,"featured_media":0,"parent":0,"menu_order":0,"comment_status":"closed","ping_status":"closed","template":"","meta":{"_acf_changed":true,"footnotes":""},"tags":[],"class_list":["post-29956","page","type-page","status-publish","hentry"],"acf":[],"yoast_head":"<!-- This site is optimized with the Yoast SEO Premium plugin v22.7 (Yoast SEO v26.6) - https:\/\/yoast.com\/wordpress\/plugins\/seo\/ -->\n<title>Parrainage canadien - Canadim<\/title>\n<meta name=\"description\" content=\"Le programme de parrainage permettent aux citoyens et r\u00e9sidents permanents de faire venir les membres de leur famille au Canada\" \/>\n<meta name=\"robots\" content=\"index, follow, max-snippet:-1, max-image-preview:large, max-video-preview:-1\" \/>\n<link rel=\"canonical\" href=\"https:\/\/www.canadim.com\/fr\/parrainage\/\" \/>\n<meta property=\"og:locale\" content=\"fr_FR\" \/>\n<meta property=\"og:type\" content=\"article\" \/>\n<meta property=\"og:title\" content=\"Parrainage canadien\" \/>\n<meta property=\"og:description\" content=\"Le programme de parrainage permettent aux citoyens et r\u00e9sidents permanents de faire venir les membres de leur famille au Canada\" \/>\n<meta property=\"og:url\" content=\"https:\/\/www.canadim.com\/fr\/parrainage\/\" \/>\n<meta property=\"og:site_name\" content=\"Canadim\" \/>\n<meta property=\"article:modified_time\" content=\"2024-05-23T17:39:10+00:00\" \/>\n<meta property=\"og:image\" content=\"https:\/\/www.canadim.com\/app\/uploads\/2019\/03\/Assessment-Image-Facebook.jpg\" \/>\n\t<meta property=\"og:image:width\" content=\"1200\" \/>\n\t<meta property=\"og:image:height\" content=\"630\" \/>\n\t<meta property=\"og:image:type\" content=\"image\/jpeg\" \/>\n<meta name=\"twitter:card\" content=\"summary_large_image\" \/>\n<meta name=\"twitter:label1\" content=\"Dur\u00e9e de lecture estim\u00e9e\" \/>\n\t<meta name=\"twitter:data1\" content=\"1 minute\" \/>\n<!-- \/ Yoast SEO Premium plugin. -->","yoast_head_json":{"title":"Parrainage canadien - Canadim","description":"Le programme de parrainage permettent aux citoyens et r\u00e9sidents permanents de faire venir les membres de leur famille au Canada","robots":{"index":"index","follow":"follow","max-snippet":"max-snippet:-1","max-image-preview":"max-image-preview:large","max-video-preview":"max-video-preview:-1"},"canonical":"https:\/\/www.canadim.com\/fr\/parrainage\/","og_locale":"fr_FR","og_type":"article","og_title":"Parrainage canadien","og_description":"Le programme de parrainage permettent aux citoyens et r\u00e9sidents permanents de faire venir les membres de leur famille au Canada","og_url":"https:\/\/www.canadim.com\/fr\/parrainage\/","og_site_name":"Canadim","article_modified_time":"2024-05-23T17:39:10+00:00","og_image":[{"width":1200,"height":630,"url":"https:\/\/www.canadim.com\/app\/uploads\/2019\/03\/Assessment-Image-Facebook.jpg","type":"image\/jpeg"}],"twitter_card":"summary_large_image","twitter_misc":{"Dur\u00e9e de lecture estim\u00e9e":"1 minute"},"schema":{"@context":"https:\/\/schema.org","@graph":[{"@type":"WebPage","@id":"https:\/\/www.canadim.com\/fr\/parrainage\/","url":"https:\/\/www.canadim.com\/fr\/parrainage\/","name":"Parrainage canadien - Canadim","isPartOf":{"@id":"https:\/\/www.canadim.com\/#website"},"datePublished":"2024-05-23T17:39:08+00:00","dateModified":"2024-05-23T17:39:10+00:00","description":"Le programme de parrainage permettent aux citoyens et r\u00e9sidents permanents de faire venir les membres de leur famille au Canada","breadcrumb":{"@id":"https:\/\/www.canadim.com\/fr\/parrainage\/#breadcrumb"},"inLanguage":"fr-FR","potentialAction":[{"@type":"ReadAction","target":["https:\/\/www.canadim.com\/fr\/parrainage\/"]}]},{"@type":"BreadcrumbList","@id":"https:\/\/www.canadim.com\/fr\/parrainage\/#breadcrumb","itemListElement":[{"@type":"ListItem","position":1,"name":"Home","item":"https:\/\/www.canadim.com\/fr\/"},{"@type":"ListItem","position":2,"name":"Parrainage canadien"}]},{"@type":"WebSite","@id":"https:\/\/www.canadim.com\/#website","url":"https:\/\/www.canadim.com\/","name":"Canadim","description":"Canadian Immigration Law Firm","publisher":{"@id":"https:\/\/www.canadim.com\/#organization"},"potentialAction":[{"@type":"SearchAction","target":{"@type":"EntryPoint","urlTemplate":"https:\/\/www.canadim.com\/?s={search_term_string}"},"query-input":{"@type":"PropertyValueSpecification","valueRequired":true,"valueName":"search_term_string"}}],"inLanguage":"fr-FR"},{"@type":"Organization","@id":"https:\/\/www.canadim.com\/#organization","name":"Canadim","url":"https:\/\/www.canadim.com\/","logo":{"@type":"ImageObject","inLanguage":"fr-FR","@id":"https:\/\/www.canadim.com\/#\/schema\/logo\/image\/","url":"https:\/\/www.canadim.com\/app\/uploads\/2019\/05\/Logo1024.png","contentUrl":"https:\/\/www.canadim.com\/app\/uploads\/2019\/05\/Logo1024.png","width":1200,"height":675,"caption":"Canadim"},"image":{"@id":"https:\/\/www.canadim.com\/#\/schema\/logo\/image\/"}}]}},"_links":{"self":[{"href":"https:\/\/www.canadim.com\/fr\/wp-json\/wp\/v2\/pages\/29956","targetHints":{"allow":["GET"]}}],"collection":[{"href":"https:\/\/www.canadim.com\/fr\/wp-json\/wp\/v2\/pages"}],"about":[{"href":"https:\/\/www.canadim.com\/fr\/wp-json\/wp\/v2\/types\/page"}],"author":[{"embeddable":true,"href":"https:\/\/www.canadim.com\/fr\/wp-json\/wp\/v2\/users\/35"}],"replies":[{"embeddable":true,"href":"https:\/\/www.canadim.com\/fr\/wp-json\/wp\/v2\/comments?post=29956"}],"version-history":[{"count":0,"href":"https:\/\/www.canadim.com\/fr\/wp-json\/wp\/v2\/pages\/29956\/revisions"}],"wp:attachment":[{"href":"https:\/\/www.canadim.com\/fr\/wp-json\/wp\/v2\/media?parent=29956"}],"wp:term":[{"taxonomy":"post_tag","embeddable":true,"href":"https:\/\/www.canadim.com\/fr\/wp-json\/wp\/v2\/tags?post=29956"}],"curies":[{"name":"wp","href":"https:\/\/api.w.org\/{rel}","templated":true}]}}