{"id":29960,"date":"2018-05-03T13:55:02","date_gmt":"2018-05-03T17:55:02","guid":{"rendered":"https:\/\/www.canadim.com\/immigrate\/quebec\/entrepreneur\/"},"modified":"2023-03-23T09:44:23","modified_gmt":"2023-03-23T13:44:23","slug":"entrepreneur","status":"publish","type":"page","link":"https:\/\/www.canadim.com\/fr\/immigrer\/quebec\/entrepreneur\/","title":{"rendered":"Programme des entrepreneurs du Qu\u00e9bec"},"content":{"rendered":"<p>Le Programme des entrepreneurs du Qu\u00e9bec s&#8217;adresse aux entrepreneurs immigrants qui ont la capacit\u00e9 de cr\u00e9er une nouvelle entreprise ou d&#8217;acqu\u00e9rir et d&#8217;exploiter une entreprise existante dans la province de Qu\u00e9bec.<\/p>\n","protected":false},"excerpt":{"rendered":"<p>Le Programme des entrepreneurs du Qu\u00e9bec s&#8217;adresse aux entrepreneurs immigrants qui ont la capacit\u00e9 de cr\u00e9er une nouvelle entreprise ou d&#8217;acqu\u00e9rir et d&#8217;exploiter une entreprise [&hellip;]<\/p>\n","protected":false},"author":16,"featured_media":0,"parent":29917,"menu_order":4,"comment_status":"closed","ping_status":"closed","template":"","meta":{"_acf_changed":false,"footnotes":""},"tags":[],"class_list":["post-29960","page","type-page","status-publish","hentry"],"acf":[],"yoast_head":"<!-- This site is optimized with the Yoast SEO Premium plugin v22.7 (Yoast SEO v26.6) - https:\/\/yoast.com\/wordpress\/plugins\/seo\/ -->\n<title>Quebec Entrepreneur Program | Canadim<\/title>\n<meta name=\"description\" content=\"The Quebec Entrepreneur Program is an immigration pathway targeting newcomers with experience in managing entrepreneurial endeavours.\" \/>\n<meta name=\"robots\" content=\"index, follow, max-snippet:-1, max-image-preview:large, max-video-preview:-1\" \/>\n<link rel=\"canonical\" href=\"https:\/\/www.canadim.com\/fr\/immigrer\/quebec\/entrepreneur\/\" \/>\n<meta property=\"og:locale\" content=\"fr_FR\" \/>\n<meta property=\"og:type\" content=\"article\" \/>\n<meta property=\"og:title\" content=\"Programme des entrepreneurs du Qu\u00e9bec\" \/>\n<meta property=\"og:description\" content=\"The Quebec Entrepreneur Program is an immigration pathway targeting newcomers with experience in managing entrepreneurial endeavours.\" \/>\n<meta property=\"og:url\" content=\"https:\/\/www.canadim.com\/fr\/immigrer\/quebec\/entrepreneur\/\" \/>\n<meta property=\"og:site_name\" content=\"Canadim\" \/>\n<meta property=\"article:modified_time\" content=\"2023-03-23T13:44:23+00:00\" \/>\n<meta property=\"og:image\" content=\"https:\/\/www.canadim.com\/app\/uploads\/2019\/03\/Assessment-Image-Facebook.jpg\" \/>\n\t<meta property=\"og:image:width\" content=\"1200\" \/>\n\t<meta property=\"og:image:height\" content=\"630\" \/>\n\t<meta property=\"og:image:type\" content=\"image\/jpeg\" \/>\n<meta name=\"twitter:card\" content=\"summary_large_image\" \/>\n<meta name=\"twitter:label1\" content=\"Dur\u00e9e de lecture estim\u00e9e\" \/>\n\t<meta name=\"twitter:data1\" content=\"1 minute\" \/>\n<!-- \/ Yoast SEO Premium plugin. -->","yoast_head_json":{"title":"Quebec Entrepreneur Program | Canadim","description":"The Quebec Entrepreneur Program is an immigration pathway targeting newcomers with experience in managing entrepreneurial endeavours.","robots":{"index":"index","follow":"follow","max-snippet":"max-snippet:-1","max-image-preview":"max-image-preview:large","max-video-preview":"max-video-preview:-1"},"canonical":"https:\/\/www.canadim.com\/fr\/immigrer\/quebec\/entrepreneur\/","og_locale":"fr_FR","og_type":"article","og_title":"Programme des entrepreneurs du Qu\u00e9bec","og_description":"The Quebec Entrepreneur Program is an immigration pathway targeting newcomers with experience in managing entrepreneurial endeavours.","og_url":"https:\/\/www.canadim.com\/fr\/immigrer\/quebec\/entrepreneur\/","og_site_name":"Canadim","article_modified_time":"2023-03-23T13:44:23+00:00","og_image":[{"width":1200,"height":630,"url":"https:\/\/www.canadim.com\/app\/uploads\/2019\/03\/Assessment-Image-Facebook.jpg","type":"image\/jpeg"}],"twitter_card":"summary_large_image","twitter_misc":{"Dur\u00e9e de lecture estim\u00e9e":"1 minute"},"schema":{"@context":"https:\/\/schema.org","@graph":[{"@type":"WebPage","@id":"https:\/\/www.canadim.com\/fr\/immigrer\/quebec\/entrepreneur\/","url":"https:\/\/www.canadim.com\/fr\/immigrer\/quebec\/entrepreneur\/","name":"Quebec Entrepreneur Program | Canadim","isPartOf":{"@id":"https:\/\/www.canadim.com\/#website"},"datePublished":"2018-05-03T17:55:02+00:00","dateModified":"2023-03-23T13:44:23+00:00","description":"The Quebec Entrepreneur Program is an immigration pathway targeting newcomers with experience in managing entrepreneurial endeavours.","breadcrumb":{"@id":"https:\/\/www.canadim.com\/fr\/immigrer\/quebec\/entrepreneur\/#breadcrumb"},"inLanguage":"fr-FR","potentialAction":[{"@type":"ReadAction","target":["https:\/\/www.canadim.com\/fr\/immigrer\/quebec\/entrepreneur\/"]}]},{"@type":"BreadcrumbList","@id":"https:\/\/www.canadim.com\/fr\/immigrer\/quebec\/entrepreneur\/#breadcrumb","itemListElement":[{"@type":"ListItem","position":1,"name":"Home","item":"https:\/\/www.canadim.com\/fr\/"},{"@type":"ListItem","position":2,"name":"Comment immigrer au Canada","item":"https:\/\/www.canadim.com\/fr\/immigrer\/"},{"@type":"ListItem","position":3,"name":"Programmes d&#8217;immigration du Qu\u00e9bec","item":"https:\/\/www.canadim.com\/fr\/immigrer\/quebec\/"},{"@type":"ListItem","position":4,"name":"Programme des entrepreneurs du Qu\u00e9bec"}]},{"@type":"WebSite","@id":"https:\/\/www.canadim.com\/#website","url":"https:\/\/www.canadim.com\/","name":"Canadim","description":"Canadian Immigration Law Firm","publisher":{"@id":"https:\/\/www.canadim.com\/#organization"},"potentialAction":[{"@type":"SearchAction","target":{"@type":"EntryPoint","urlTemplate":"https:\/\/www.canadim.com\/?s={search_term_string}"},"query-input":{"@type":"PropertyValueSpecification","valueRequired":true,"valueName":"search_term_string"}}],"inLanguage":"fr-FR"},{"@type":"Organization","@id":"https:\/\/www.canadim.com\/#organization","name":"Canadim","url":"https:\/\/www.canadim.com\/","logo":{"@type":"ImageObject","inLanguage":"fr-FR","@id":"https:\/\/www.canadim.com\/#\/schema\/logo\/image\/","url":"https:\/\/www.canadim.com\/app\/uploads\/2019\/05\/Logo1024.png","contentUrl":"https:\/\/www.canadim.com\/app\/uploads\/2019\/05\/Logo1024.png","width":1200,"height":675,"caption":"Canadim"},"image":{"@id":"https:\/\/www.canadim.com\/#\/schema\/logo\/image\/"}}]}},"_links":{"self":[{"href":"https:\/\/www.canadim.com\/fr\/wp-json\/wp\/v2\/pages\/29960","targetHints":{"allow":["GET"]}}],"collection":[{"href":"https:\/\/www.canadim.com\/fr\/wp-json\/wp\/v2\/pages"}],"about":[{"href":"https:\/\/www.canadim.com\/fr\/wp-json\/wp\/v2\/types\/page"}],"author":[{"embeddable":true,"href":"https:\/\/www.canadim.com\/fr\/wp-json\/wp\/v2\/users\/16"}],"replies":[{"embeddable":true,"href":"https:\/\/www.canadim.com\/fr\/wp-json\/wp\/v2\/comments?post=29960"}],"version-history":[{"count":0,"href":"https:\/\/www.canadim.com\/fr\/wp-json\/wp\/v2\/pages\/29960\/revisions"}],"up":[{"embeddable":true,"href":"https:\/\/www.canadim.com\/fr\/wp-json\/wp\/v2\/pages\/29917"}],"wp:attachment":[{"href":"https:\/\/www.canadim.com\/fr\/wp-json\/wp\/v2\/media?parent=29960"}],"wp:term":[{"taxonomy":"post_tag","embeddable":true,"href":"https:\/\/www.canadim.com\/fr\/wp-json\/wp\/v2\/tags?post=29960"}],"curies":[{"name":"wp","href":"https:\/\/api.w.org\/{rel}","templated":true}]}}