{"id":29973,"date":"2018-05-03T14:24:17","date_gmt":"2018-05-03T18:24:17","guid":{"rendered":"https:\/\/www.canadim.com\/immigrate\/quebec\/csq\/"},"modified":"2023-03-22T16:14:26","modified_gmt":"2023-03-22T20:14:26","slug":"csq","status":"publish","type":"page","link":"https:\/\/www.canadim.com\/fr\/immigrer\/quebec\/csq\/","title":{"rendered":"Certificat de S\u00e9lection du Qu\u00e9bec (CSQ)"},"content":{"rendered":"<p><span style=\"font-weight: 400;\">Les demandes d&#8217;immigration au Qu\u00e9bec sont approuv\u00e9es selon deux processus distincts : la s\u00e9lection et l&#8217;admission. La s\u00e9lection se fait au niveau provincial, tandis que l&#8217;admission se fait au niveau f\u00e9d\u00e9ral. Pour immigrer au Qu\u00e9bec, un demandeur doit satisfaire aux exigences de la s\u00e9lection et de l&#8217;admission.<\/span><\/p>\n","protected":false},"excerpt":{"rendered":"<p>Les demandes d&#8217;immigration au Qu\u00e9bec sont approuv\u00e9es selon deux processus distincts : la s\u00e9lection et l&#8217;admission. La s\u00e9lection se fait au niveau provincial, tandis que [&hellip;]<\/p>\n","protected":false},"author":16,"featured_media":0,"parent":29917,"menu_order":7,"comment_status":"closed","ping_status":"closed","template":"","meta":{"_acf_changed":false,"footnotes":""},"tags":[],"class_list":["post-29973","page","type-page","status-publish","hentry"],"acf":[],"yoast_head":"<!-- This site is optimized with the Yoast SEO Premium plugin v22.7 (Yoast SEO v26.6) - https:\/\/yoast.com\/wordpress\/plugins\/seo\/ -->\n<title>Certificat de S\u00e9lection du Qu\u00e9bec (CSQ) - Canadim<\/title>\n<meta name=\"description\" content=\"Pour immigrer au Qu\u00e9bec, l&#039;obtention du Certificat de S\u00e9lection du Qu\u00e9bec est la premi\u00e8re \u00e9tape avant de faire sa demande de r\u00e9sidence permanente.\" \/>\n<meta name=\"robots\" content=\"index, follow, max-snippet:-1, max-image-preview:large, max-video-preview:-1\" \/>\n<link rel=\"canonical\" href=\"https:\/\/www.canadim.com\/fr\/immigrer\/quebec\/csq\/\" \/>\n<meta property=\"og:locale\" content=\"fr_FR\" \/>\n<meta property=\"og:type\" content=\"article\" \/>\n<meta property=\"og:title\" content=\"Certificat de S\u00e9lection du Qu\u00e9bec (CSQ)\" \/>\n<meta property=\"og:description\" content=\"Pour immigrer au Qu\u00e9bec, l&#039;obtention du Certificat de S\u00e9lection du Qu\u00e9bec est la premi\u00e8re \u00e9tape avant de faire sa demande de r\u00e9sidence permanente.\" \/>\n<meta property=\"og:url\" content=\"https:\/\/www.canadim.com\/fr\/immigrer\/quebec\/csq\/\" \/>\n<meta property=\"og:site_name\" content=\"Canadim\" \/>\n<meta property=\"article:modified_time\" content=\"2023-03-22T20:14:26+00:00\" \/>\n<meta property=\"og:image\" content=\"https:\/\/www.canadim.com\/app\/uploads\/2019\/03\/Assessment-Image-Facebook.jpg\" \/>\n\t<meta property=\"og:image:width\" content=\"1200\" \/>\n\t<meta property=\"og:image:height\" content=\"630\" \/>\n\t<meta property=\"og:image:type\" content=\"image\/jpeg\" \/>\n<meta name=\"twitter:card\" content=\"summary_large_image\" \/>\n<meta name=\"twitter:label1\" content=\"Dur\u00e9e de lecture estim\u00e9e\" \/>\n\t<meta name=\"twitter:data1\" content=\"1 minute\" \/>\n<!-- \/ Yoast SEO Premium plugin. -->","yoast_head_json":{"title":"Certificat de S\u00e9lection du Qu\u00e9bec (CSQ) - Canadim","description":"Pour immigrer au Qu\u00e9bec, l'obtention du Certificat de S\u00e9lection du Qu\u00e9bec est la premi\u00e8re \u00e9tape avant de faire sa demande de r\u00e9sidence permanente.","robots":{"index":"index","follow":"follow","max-snippet":"max-snippet:-1","max-image-preview":"max-image-preview:large","max-video-preview":"max-video-preview:-1"},"canonical":"https:\/\/www.canadim.com\/fr\/immigrer\/quebec\/csq\/","og_locale":"fr_FR","og_type":"article","og_title":"Certificat de S\u00e9lection du Qu\u00e9bec (CSQ)","og_description":"Pour immigrer au Qu\u00e9bec, l'obtention du Certificat de S\u00e9lection du Qu\u00e9bec est la premi\u00e8re \u00e9tape avant de faire sa demande de r\u00e9sidence permanente.","og_url":"https:\/\/www.canadim.com\/fr\/immigrer\/quebec\/csq\/","og_site_name":"Canadim","article_modified_time":"2023-03-22T20:14:26+00:00","og_image":[{"width":1200,"height":630,"url":"https:\/\/www.canadim.com\/app\/uploads\/2019\/03\/Assessment-Image-Facebook.jpg","type":"image\/jpeg"}],"twitter_card":"summary_large_image","twitter_misc":{"Dur\u00e9e de lecture estim\u00e9e":"1 minute"},"schema":{"@context":"https:\/\/schema.org","@graph":[{"@type":"WebPage","@id":"https:\/\/www.canadim.com\/fr\/immigrer\/quebec\/csq\/","url":"https:\/\/www.canadim.com\/fr\/immigrer\/quebec\/csq\/","name":"Certificat de S\u00e9lection du Qu\u00e9bec (CSQ) - Canadim","isPartOf":{"@id":"https:\/\/www.canadim.com\/#website"},"datePublished":"2018-05-03T18:24:17+00:00","dateModified":"2023-03-22T20:14:26+00:00","description":"Pour immigrer au Qu\u00e9bec, l'obtention du Certificat de S\u00e9lection du Qu\u00e9bec est la premi\u00e8re \u00e9tape avant de faire sa demande de r\u00e9sidence permanente.","breadcrumb":{"@id":"https:\/\/www.canadim.com\/fr\/immigrer\/quebec\/csq\/#breadcrumb"},"inLanguage":"fr-FR","potentialAction":[{"@type":"ReadAction","target":["https:\/\/www.canadim.com\/fr\/immigrer\/quebec\/csq\/"]}]},{"@type":"BreadcrumbList","@id":"https:\/\/www.canadim.com\/fr\/immigrer\/quebec\/csq\/#breadcrumb","itemListElement":[{"@type":"ListItem","position":1,"name":"Home","item":"https:\/\/www.canadim.com\/fr\/"},{"@type":"ListItem","position":2,"name":"Comment immigrer au Canada","item":"https:\/\/www.canadim.com\/fr\/immigrer\/"},{"@type":"ListItem","position":3,"name":"Programmes d&#8217;immigration du Qu\u00e9bec","item":"https:\/\/www.canadim.com\/fr\/immigrer\/quebec\/"},{"@type":"ListItem","position":4,"name":"Certificat de S\u00e9lection du Qu\u00e9bec (CSQ)"}]},{"@type":"WebSite","@id":"https:\/\/www.canadim.com\/#website","url":"https:\/\/www.canadim.com\/","name":"Canadim","description":"Canadian Immigration Law Firm","publisher":{"@id":"https:\/\/www.canadim.com\/#organization"},"potentialAction":[{"@type":"SearchAction","target":{"@type":"EntryPoint","urlTemplate":"https:\/\/www.canadim.com\/?s={search_term_string}"},"query-input":{"@type":"PropertyValueSpecification","valueRequired":true,"valueName":"search_term_string"}}],"inLanguage":"fr-FR"},{"@type":"Organization","@id":"https:\/\/www.canadim.com\/#organization","name":"Canadim","url":"https:\/\/www.canadim.com\/","logo":{"@type":"ImageObject","inLanguage":"fr-FR","@id":"https:\/\/www.canadim.com\/#\/schema\/logo\/image\/","url":"https:\/\/www.canadim.com\/app\/uploads\/2019\/05\/Logo1024.png","contentUrl":"https:\/\/www.canadim.com\/app\/uploads\/2019\/05\/Logo1024.png","width":1200,"height":675,"caption":"Canadim"},"image":{"@id":"https:\/\/www.canadim.com\/#\/schema\/logo\/image\/"}}]}},"_links":{"self":[{"href":"https:\/\/www.canadim.com\/fr\/wp-json\/wp\/v2\/pages\/29973","targetHints":{"allow":["GET"]}}],"collection":[{"href":"https:\/\/www.canadim.com\/fr\/wp-json\/wp\/v2\/pages"}],"about":[{"href":"https:\/\/www.canadim.com\/fr\/wp-json\/wp\/v2\/types\/page"}],"author":[{"embeddable":true,"href":"https:\/\/www.canadim.com\/fr\/wp-json\/wp\/v2\/users\/16"}],"replies":[{"embeddable":true,"href":"https:\/\/www.canadim.com\/fr\/wp-json\/wp\/v2\/comments?post=29973"}],"version-history":[{"count":0,"href":"https:\/\/www.canadim.com\/fr\/wp-json\/wp\/v2\/pages\/29973\/revisions"}],"up":[{"embeddable":true,"href":"https:\/\/www.canadim.com\/fr\/wp-json\/wp\/v2\/pages\/29917"}],"wp:attachment":[{"href":"https:\/\/www.canadim.com\/fr\/wp-json\/wp\/v2\/media?parent=29973"}],"wp:term":[{"taxonomy":"post_tag","embeddable":true,"href":"https:\/\/www.canadim.com\/fr\/wp-json\/wp\/v2\/tags?post=29973"}],"curies":[{"name":"wp","href":"https:\/\/api.w.org\/{rel}","templated":true}]}}