{"id":29975,"date":"2018-05-22T11:37:23","date_gmt":"2018-05-22T15:37:23","guid":{"rendered":"https:\/\/www.canadim.com\/work\/temporary-foreign-worker-program\/"},"modified":"2023-02-10T14:41:58","modified_gmt":"2023-02-10T19:41:58","slug":"programme-travailleurs-etrangers-temporaires","status":"publish","type":"page","link":"https:\/\/www.canadim.com\/fr\/travail\/programme-travailleurs-etrangers-temporaires\/","title":{"rendered":"Programme des travailleurs \u00e9trangers temporaires"},"content":{"rendered":"<p><span style=\"font-weight: 400;\">Le Programme des travailleurs \u00e9trangers temporaires (PTET) permet aux employeurs canadiens d&#8217;embaucher temporairement des ressortissants \u00e9trangers afin de combler les p\u00e9nuries de main-d&#8217;\u0153uvre au Canada. Le PTET est g\u00e9r\u00e9 conjointement par Immigration, R\u00e9fugi\u00e9s et Citoyennet\u00e9 Canada (IRCC) et Emploi et D\u00e9veloppement social Canada (ESDC).<\/span><\/p>\n","protected":false},"excerpt":{"rendered":"<p>Le Programme des travailleurs \u00e9trangers temporaires (PTET) permet aux employeurs canadiens d&#8217;embaucher temporairement des ressortissants \u00e9trangers afin de combler les p\u00e9nuries de main-d&#8217;\u0153uvre au Canada. [&hellip;]<\/p>\n","protected":false},"author":16,"featured_media":0,"parent":29938,"menu_order":2,"comment_status":"closed","ping_status":"closed","template":"","meta":{"_acf_changed":false,"footnotes":""},"tags":[],"class_list":["post-29975","page","type-page","status-publish","hentry"],"acf":[],"yoast_head":"<!-- This site is optimized with the Yoast SEO Premium plugin v22.7 (Yoast SEO v26.6) - https:\/\/yoast.com\/wordpress\/plugins\/seo\/ -->\n<title>Programme des travailleurs \u00e9trangers temporaires - Canadim<\/title>\n<meta name=\"description\" content=\"Le PTET permet aux employeurs canadiens d&#039;employer des ressortissants \u00e9trangers pour combler les p\u00e9nuries de main-d&#039;\u0153uvre au Canada.\" \/>\n<meta name=\"robots\" content=\"index, follow, max-snippet:-1, max-image-preview:large, max-video-preview:-1\" \/>\n<link rel=\"canonical\" href=\"https:\/\/www.canadim.com\/fr\/travail\/programme-travailleurs-etrangers-temporaires\/\" \/>\n<meta property=\"og:locale\" content=\"fr_FR\" \/>\n<meta property=\"og:type\" content=\"article\" \/>\n<meta property=\"og:title\" content=\"Programme des travailleurs \u00e9trangers temporaires\" \/>\n<meta property=\"og:description\" content=\"Le PTET permet aux employeurs canadiens d&#039;employer des ressortissants \u00e9trangers pour combler les p\u00e9nuries de main-d&#039;\u0153uvre au Canada.\" \/>\n<meta property=\"og:url\" content=\"https:\/\/www.canadim.com\/fr\/travail\/programme-travailleurs-etrangers-temporaires\/\" \/>\n<meta property=\"og:site_name\" content=\"Canadim\" \/>\n<meta property=\"article:modified_time\" content=\"2023-02-10T19:41:58+00:00\" \/>\n<meta property=\"og:image\" content=\"https:\/\/www.canadim.com\/app\/uploads\/2019\/03\/Assessment-Image-Facebook.jpg\" \/>\n\t<meta property=\"og:image:width\" content=\"1200\" \/>\n\t<meta property=\"og:image:height\" content=\"630\" \/>\n\t<meta property=\"og:image:type\" content=\"image\/jpeg\" \/>\n<meta name=\"twitter:card\" content=\"summary_large_image\" \/>\n<meta name=\"twitter:label1\" content=\"Dur\u00e9e de lecture estim\u00e9e\" \/>\n\t<meta name=\"twitter:data1\" content=\"1 minute\" \/>\n<!-- \/ Yoast SEO Premium plugin. -->","yoast_head_json":{"title":"Programme des travailleurs \u00e9trangers temporaires - Canadim","description":"Le PTET permet aux employeurs canadiens d'employer des ressortissants \u00e9trangers pour combler les p\u00e9nuries de main-d'\u0153uvre au Canada.","robots":{"index":"index","follow":"follow","max-snippet":"max-snippet:-1","max-image-preview":"max-image-preview:large","max-video-preview":"max-video-preview:-1"},"canonical":"https:\/\/www.canadim.com\/fr\/travail\/programme-travailleurs-etrangers-temporaires\/","og_locale":"fr_FR","og_type":"article","og_title":"Programme des travailleurs \u00e9trangers temporaires","og_description":"Le PTET permet aux employeurs canadiens d'employer des ressortissants \u00e9trangers pour combler les p\u00e9nuries de main-d'\u0153uvre au Canada.","og_url":"https:\/\/www.canadim.com\/fr\/travail\/programme-travailleurs-etrangers-temporaires\/","og_site_name":"Canadim","article_modified_time":"2023-02-10T19:41:58+00:00","og_image":[{"width":1200,"height":630,"url":"https:\/\/www.canadim.com\/app\/uploads\/2019\/03\/Assessment-Image-Facebook.jpg","type":"image\/jpeg"}],"twitter_card":"summary_large_image","twitter_misc":{"Dur\u00e9e de lecture estim\u00e9e":"1 minute"},"schema":{"@context":"https:\/\/schema.org","@graph":[{"@type":"WebPage","@id":"https:\/\/www.canadim.com\/fr\/travail\/programme-travailleurs-etrangers-temporaires\/","url":"https:\/\/www.canadim.com\/fr\/travail\/programme-travailleurs-etrangers-temporaires\/","name":"Programme des travailleurs \u00e9trangers temporaires - Canadim","isPartOf":{"@id":"https:\/\/www.canadim.com\/#website"},"datePublished":"2018-05-22T15:37:23+00:00","dateModified":"2023-02-10T19:41:58+00:00","description":"Le PTET permet aux employeurs canadiens d'employer des ressortissants \u00e9trangers pour combler les p\u00e9nuries de main-d'\u0153uvre au Canada.","breadcrumb":{"@id":"https:\/\/www.canadim.com\/fr\/travail\/programme-travailleurs-etrangers-temporaires\/#breadcrumb"},"inLanguage":"fr-FR","potentialAction":[{"@type":"ReadAction","target":["https:\/\/www.canadim.com\/fr\/travail\/programme-travailleurs-etrangers-temporaires\/"]}]},{"@type":"BreadcrumbList","@id":"https:\/\/www.canadim.com\/fr\/travail\/programme-travailleurs-etrangers-temporaires\/#breadcrumb","itemListElement":[{"@type":"ListItem","position":1,"name":"Home","item":"https:\/\/www.canadim.com\/fr\/"},{"@type":"ListItem","position":2,"name":"Travailler au Canada : Processus de visa et de permis de travail Canada","item":"https:\/\/www.canadim.com\/fr\/travail\/"},{"@type":"ListItem","position":3,"name":"Programme des travailleurs \u00e9trangers temporaires"}]},{"@type":"WebSite","@id":"https:\/\/www.canadim.com\/#website","url":"https:\/\/www.canadim.com\/","name":"Canadim","description":"Canadian Immigration Law Firm","publisher":{"@id":"https:\/\/www.canadim.com\/#organization"},"potentialAction":[{"@type":"SearchAction","target":{"@type":"EntryPoint","urlTemplate":"https:\/\/www.canadim.com\/?s={search_term_string}"},"query-input":{"@type":"PropertyValueSpecification","valueRequired":true,"valueName":"search_term_string"}}],"inLanguage":"fr-FR"},{"@type":"Organization","@id":"https:\/\/www.canadim.com\/#organization","name":"Canadim","url":"https:\/\/www.canadim.com\/","logo":{"@type":"ImageObject","inLanguage":"fr-FR","@id":"https:\/\/www.canadim.com\/#\/schema\/logo\/image\/","url":"https:\/\/www.canadim.com\/app\/uploads\/2019\/05\/Logo1024.png","contentUrl":"https:\/\/www.canadim.com\/app\/uploads\/2019\/05\/Logo1024.png","width":1200,"height":675,"caption":"Canadim"},"image":{"@id":"https:\/\/www.canadim.com\/#\/schema\/logo\/image\/"}}]}},"_links":{"self":[{"href":"https:\/\/www.canadim.com\/fr\/wp-json\/wp\/v2\/pages\/29975","targetHints":{"allow":["GET"]}}],"collection":[{"href":"https:\/\/www.canadim.com\/fr\/wp-json\/wp\/v2\/pages"}],"about":[{"href":"https:\/\/www.canadim.com\/fr\/wp-json\/wp\/v2\/types\/page"}],"author":[{"embeddable":true,"href":"https:\/\/www.canadim.com\/fr\/wp-json\/wp\/v2\/users\/16"}],"replies":[{"embeddable":true,"href":"https:\/\/www.canadim.com\/fr\/wp-json\/wp\/v2\/comments?post=29975"}],"version-history":[{"count":0,"href":"https:\/\/www.canadim.com\/fr\/wp-json\/wp\/v2\/pages\/29975\/revisions"}],"up":[{"embeddable":true,"href":"https:\/\/www.canadim.com\/fr\/wp-json\/wp\/v2\/pages\/29938"}],"wp:attachment":[{"href":"https:\/\/www.canadim.com\/fr\/wp-json\/wp\/v2\/media?parent=29975"}],"wp:term":[{"taxonomy":"post_tag","embeddable":true,"href":"https:\/\/www.canadim.com\/fr\/wp-json\/wp\/v2\/tags?post=29975"}],"curies":[{"name":"wp","href":"https:\/\/api.w.org\/{rel}","templated":true}]}}