{"id":29977,"date":"2018-05-22T12:25:56","date_gmt":"2018-05-22T16:25:56","guid":{"rendered":"https:\/\/www.canadim.com\/work\/lmia\/"},"modified":"2023-02-06T13:08:49","modified_gmt":"2023-02-06T18:08:49","slug":"eimt","status":"publish","type":"page","link":"https:\/\/www.canadim.com\/fr\/travail\/eimt\/","title":{"rendered":"Permis de travail EIMT"},"content":{"rendered":"<p><span style=\"font-weight: 400;\">Une \u00e9valuation d&#8217;impact sur le march\u00e9 du travail (EIMT) est un document publi\u00e9 par Emploi et D\u00e9veloppement social Canada (EDSC) qui \u00e9value l&#8217;impact de l&#8217;embauche d&#8217;un ressortissant \u00e9tranger au Canada. Une EIMT positive indique qu&#8217;il n&#8217;y a pas de citoyen canadien ou de r\u00e9sident permanent pour occuper un poste, ce qui permet \u00e0 un employeur d&#8217;embaucher un \u00e9tranger. Une EIMT n\u00e9gative indique qu&#8217;un poste devrait \u00eatre pourvu par un citoyen ou un r\u00e9sident permanent canadien.<\/span><\/p>\n","protected":false},"excerpt":{"rendered":"<p>Une \u00e9valuation d&#8217;impact sur le march\u00e9 du travail (EIMT) est un document publi\u00e9 par Emploi et D\u00e9veloppement social Canada (EDSC) qui \u00e9value l&#8217;impact de l&#8217;embauche [&hellip;]<\/p>\n","protected":false},"author":16,"featured_media":0,"parent":29938,"menu_order":5,"comment_status":"closed","ping_status":"closed","template":"","meta":{"_acf_changed":false,"footnotes":""},"tags":[],"class_list":["post-29977","page","type-page","status-publish","hentry"],"acf":[],"yoast_head":"<!-- This site is optimized with the Yoast SEO Premium plugin v22.7 (Yoast SEO v26.6) - https:\/\/yoast.com\/wordpress\/plugins\/seo\/ -->\n<title>Permis de travail EIMT - Canadim<\/title>\n<meta name=\"description\" content=\"EIMT est un document publi\u00e9 par Emploi et D\u00e9veloppement social Canada (EDSC) qui \u00e9value l&#039;impact de l&#039;embauche d&#039;un ressortissant \u00e9tranger\" \/>\n<meta name=\"robots\" content=\"index, follow, max-snippet:-1, max-image-preview:large, max-video-preview:-1\" \/>\n<link rel=\"canonical\" href=\"https:\/\/www.canadim.com\/fr\/travail\/eimt\/\" \/>\n<meta property=\"og:locale\" content=\"fr_FR\" \/>\n<meta property=\"og:type\" content=\"article\" \/>\n<meta property=\"og:title\" content=\"Permis de travail EIMT\" \/>\n<meta property=\"og:description\" content=\"EIMT est un document publi\u00e9 par Emploi et D\u00e9veloppement social Canada (EDSC) qui \u00e9value l&#039;impact de l&#039;embauche d&#039;un ressortissant \u00e9tranger\" \/>\n<meta property=\"og:url\" content=\"https:\/\/www.canadim.com\/fr\/travail\/eimt\/\" \/>\n<meta property=\"og:site_name\" content=\"Canadim\" \/>\n<meta property=\"article:modified_time\" content=\"2023-02-06T18:08:49+00:00\" \/>\n<meta property=\"og:image\" content=\"https:\/\/www.canadim.com\/app\/uploads\/2019\/03\/Assessment-Image-Facebook.jpg\" \/>\n\t<meta property=\"og:image:width\" content=\"1200\" \/>\n\t<meta property=\"og:image:height\" content=\"630\" \/>\n\t<meta property=\"og:image:type\" content=\"image\/jpeg\" \/>\n<meta name=\"twitter:card\" content=\"summary_large_image\" \/>\n<meta name=\"twitter:label1\" content=\"Dur\u00e9e de lecture estim\u00e9e\" \/>\n\t<meta name=\"twitter:data1\" content=\"1 minute\" \/>\n<!-- \/ Yoast SEO Premium plugin. -->","yoast_head_json":{"title":"Permis de travail EIMT - Canadim","description":"EIMT est un document publi\u00e9 par Emploi et D\u00e9veloppement social Canada (EDSC) qui \u00e9value l'impact de l'embauche d'un ressortissant \u00e9tranger","robots":{"index":"index","follow":"follow","max-snippet":"max-snippet:-1","max-image-preview":"max-image-preview:large","max-video-preview":"max-video-preview:-1"},"canonical":"https:\/\/www.canadim.com\/fr\/travail\/eimt\/","og_locale":"fr_FR","og_type":"article","og_title":"Permis de travail EIMT","og_description":"EIMT est un document publi\u00e9 par Emploi et D\u00e9veloppement social Canada (EDSC) qui \u00e9value l'impact de l'embauche d'un ressortissant \u00e9tranger","og_url":"https:\/\/www.canadim.com\/fr\/travail\/eimt\/","og_site_name":"Canadim","article_modified_time":"2023-02-06T18:08:49+00:00","og_image":[{"width":1200,"height":630,"url":"https:\/\/www.canadim.com\/app\/uploads\/2019\/03\/Assessment-Image-Facebook.jpg","type":"image\/jpeg"}],"twitter_card":"summary_large_image","twitter_misc":{"Dur\u00e9e de lecture estim\u00e9e":"1 minute"},"schema":{"@context":"https:\/\/schema.org","@graph":[{"@type":"WebPage","@id":"https:\/\/www.canadim.com\/fr\/travail\/eimt\/","url":"https:\/\/www.canadim.com\/fr\/travail\/eimt\/","name":"Permis de travail EIMT - Canadim","isPartOf":{"@id":"https:\/\/www.canadim.com\/#website"},"datePublished":"2018-05-22T16:25:56+00:00","dateModified":"2023-02-06T18:08:49+00:00","description":"EIMT est un document publi\u00e9 par Emploi et D\u00e9veloppement social Canada (EDSC) qui \u00e9value l'impact de l'embauche d'un ressortissant \u00e9tranger","breadcrumb":{"@id":"https:\/\/www.canadim.com\/fr\/travail\/eimt\/#breadcrumb"},"inLanguage":"fr-FR","potentialAction":[{"@type":"ReadAction","target":["https:\/\/www.canadim.com\/fr\/travail\/eimt\/"]}]},{"@type":"BreadcrumbList","@id":"https:\/\/www.canadim.com\/fr\/travail\/eimt\/#breadcrumb","itemListElement":[{"@type":"ListItem","position":1,"name":"Home","item":"https:\/\/www.canadim.com\/fr\/"},{"@type":"ListItem","position":2,"name":"Travailler au Canada : Processus de visa et de permis de travail Canada","item":"https:\/\/www.canadim.com\/fr\/travail\/"},{"@type":"ListItem","position":3,"name":"Permis de travail EIMT"}]},{"@type":"WebSite","@id":"https:\/\/www.canadim.com\/#website","url":"https:\/\/www.canadim.com\/","name":"Canadim","description":"Canadian Immigration Law Firm","publisher":{"@id":"https:\/\/www.canadim.com\/#organization"},"potentialAction":[{"@type":"SearchAction","target":{"@type":"EntryPoint","urlTemplate":"https:\/\/www.canadim.com\/?s={search_term_string}"},"query-input":{"@type":"PropertyValueSpecification","valueRequired":true,"valueName":"search_term_string"}}],"inLanguage":"fr-FR"},{"@type":"Organization","@id":"https:\/\/www.canadim.com\/#organization","name":"Canadim","url":"https:\/\/www.canadim.com\/","logo":{"@type":"ImageObject","inLanguage":"fr-FR","@id":"https:\/\/www.canadim.com\/#\/schema\/logo\/image\/","url":"https:\/\/www.canadim.com\/app\/uploads\/2019\/05\/Logo1024.png","contentUrl":"https:\/\/www.canadim.com\/app\/uploads\/2019\/05\/Logo1024.png","width":1200,"height":675,"caption":"Canadim"},"image":{"@id":"https:\/\/www.canadim.com\/#\/schema\/logo\/image\/"}}]}},"_links":{"self":[{"href":"https:\/\/www.canadim.com\/fr\/wp-json\/wp\/v2\/pages\/29977","targetHints":{"allow":["GET"]}}],"collection":[{"href":"https:\/\/www.canadim.com\/fr\/wp-json\/wp\/v2\/pages"}],"about":[{"href":"https:\/\/www.canadim.com\/fr\/wp-json\/wp\/v2\/types\/page"}],"author":[{"embeddable":true,"href":"https:\/\/www.canadim.com\/fr\/wp-json\/wp\/v2\/users\/16"}],"replies":[{"embeddable":true,"href":"https:\/\/www.canadim.com\/fr\/wp-json\/wp\/v2\/comments?post=29977"}],"version-history":[{"count":0,"href":"https:\/\/www.canadim.com\/fr\/wp-json\/wp\/v2\/pages\/29977\/revisions"}],"up":[{"embeddable":true,"href":"https:\/\/www.canadim.com\/fr\/wp-json\/wp\/v2\/pages\/29938"}],"wp:attachment":[{"href":"https:\/\/www.canadim.com\/fr\/wp-json\/wp\/v2\/media?parent=29977"}],"wp:term":[{"taxonomy":"post_tag","embeddable":true,"href":"https:\/\/www.canadim.com\/fr\/wp-json\/wp\/v2\/tags?post=29977"}],"curies":[{"name":"wp","href":"https:\/\/api.w.org\/{rel}","templated":true}]}}