{"id":29983,"date":"2018-05-22T16:05:50","date_gmt":"2018-05-22T20:05:50","guid":{"rendered":"https:\/\/www.canadim.com\/ceta\/"},"modified":"2023-03-28T12:46:18","modified_gmt":"2023-03-28T16:46:18","slug":"aecg","status":"publish","type":"page","link":"https:\/\/www.canadim.com\/fr\/travail\/temporaire-sans-eimt\/aecg\/","title":{"rendered":"Permis de travail AECG"},"content":{"rendered":"<p><span style=\"font-weight: 400;\">L&#8217;Accord \u00e9conomique et commercial global entre le Canada et l&#8217;Union europ\u00e9enne (AECG) est un accord commercial multilat\u00e9ral n\u00e9goci\u00e9 entre le Canada et l&#8217;Union europ\u00e9enne (UE). L&#8217;accord est entr\u00e9 en vigueur le 21 septembre 2017. L&#8217;AECG offre des possibilit\u00e9s uniques aux citoyens de l&#8217;UE de travailler au Canada. Les ressortissants \u00e9trangers vis\u00e9s par les dispositions de l&#8217;AECG peuvent \u00eatre autoris\u00e9s \u00e0 travailler au Canada sans avoir \u00e0 r\u00e9aliser une \u00e9valuation d&#8217;impact sur le march\u00e9 du travail (EIMT) ni m\u00eame \u00e0 obtenir un permis de travail.<\/span><\/p>\n","protected":false},"excerpt":{"rendered":"<p>L&#8217;Accord \u00e9conomique et commercial global entre le Canada et l&#8217;Union europ\u00e9enne (AECG) est un accord commercial multilat\u00e9ral n\u00e9goci\u00e9 entre le Canada et l&#8217;Union europ\u00e9enne (UE). [&hellip;]<\/p>\n","protected":false},"author":16,"featured_media":0,"parent":29994,"menu_order":3,"comment_status":"closed","ping_status":"closed","template":"","meta":{"_acf_changed":false,"footnotes":""},"tags":[],"class_list":["post-29983","page","type-page","status-publish","hentry"],"acf":[],"yoast_head":"<!-- This site is optimized with the Yoast SEO Premium plugin v22.7 (Yoast SEO v26.6) - https:\/\/yoast.com\/wordpress\/plugins\/seo\/ -->\n<title>Permis de travail AECG - Canadim<\/title>\n<meta name=\"description\" content=\"Etrangers couverts par l&#039;AECG peuvent \u00eatre autoris\u00e9s \u00e0 travailler au Canada sans avoir besoin d&#039;une LMIA ou d&#039;un permis de travail.\" \/>\n<meta name=\"robots\" content=\"index, follow, max-snippet:-1, max-image-preview:large, max-video-preview:-1\" \/>\n<link rel=\"canonical\" href=\"https:\/\/www.canadim.com\/fr\/travail\/temporaire-sans-eimt\/aecg\/\" \/>\n<meta property=\"og:locale\" content=\"fr_FR\" \/>\n<meta property=\"og:type\" content=\"article\" \/>\n<meta property=\"og:title\" content=\"Permis de travail AECG\" \/>\n<meta property=\"og:description\" content=\"Etrangers couverts par l&#039;AECG peuvent \u00eatre autoris\u00e9s \u00e0 travailler au Canada sans avoir besoin d&#039;une LMIA ou d&#039;un permis de travail.\" \/>\n<meta property=\"og:url\" content=\"https:\/\/www.canadim.com\/fr\/travail\/temporaire-sans-eimt\/aecg\/\" \/>\n<meta property=\"og:site_name\" content=\"Canadim\" \/>\n<meta property=\"article:modified_time\" content=\"2023-03-28T16:46:18+00:00\" \/>\n<meta property=\"og:image\" content=\"https:\/\/www.canadim.com\/app\/uploads\/2019\/03\/Assessment-Image-Facebook.jpg\" \/>\n\t<meta property=\"og:image:width\" content=\"1200\" \/>\n\t<meta property=\"og:image:height\" content=\"630\" \/>\n\t<meta property=\"og:image:type\" content=\"image\/jpeg\" \/>\n<meta name=\"twitter:card\" content=\"summary_large_image\" \/>\n<meta name=\"twitter:label1\" content=\"Dur\u00e9e de lecture estim\u00e9e\" \/>\n\t<meta name=\"twitter:data1\" content=\"1 minute\" \/>\n<!-- \/ Yoast SEO Premium plugin. -->","yoast_head_json":{"title":"Permis de travail AECG - Canadim","description":"Etrangers couverts par l'AECG peuvent \u00eatre autoris\u00e9s \u00e0 travailler au Canada sans avoir besoin d'une LMIA ou d'un permis de travail.","robots":{"index":"index","follow":"follow","max-snippet":"max-snippet:-1","max-image-preview":"max-image-preview:large","max-video-preview":"max-video-preview:-1"},"canonical":"https:\/\/www.canadim.com\/fr\/travail\/temporaire-sans-eimt\/aecg\/","og_locale":"fr_FR","og_type":"article","og_title":"Permis de travail AECG","og_description":"Etrangers couverts par l'AECG peuvent \u00eatre autoris\u00e9s \u00e0 travailler au Canada sans avoir besoin d'une LMIA ou d'un permis de travail.","og_url":"https:\/\/www.canadim.com\/fr\/travail\/temporaire-sans-eimt\/aecg\/","og_site_name":"Canadim","article_modified_time":"2023-03-28T16:46:18+00:00","og_image":[{"width":1200,"height":630,"url":"https:\/\/www.canadim.com\/app\/uploads\/2019\/03\/Assessment-Image-Facebook.jpg","type":"image\/jpeg"}],"twitter_card":"summary_large_image","twitter_misc":{"Dur\u00e9e de lecture estim\u00e9e":"1 minute"},"schema":{"@context":"https:\/\/schema.org","@graph":[{"@type":"WebPage","@id":"https:\/\/www.canadim.com\/fr\/travail\/temporaire-sans-eimt\/aecg\/","url":"https:\/\/www.canadim.com\/fr\/travail\/temporaire-sans-eimt\/aecg\/","name":"Permis de travail AECG - Canadim","isPartOf":{"@id":"https:\/\/www.canadim.com\/#website"},"datePublished":"2018-05-22T20:05:50+00:00","dateModified":"2023-03-28T16:46:18+00:00","description":"Etrangers couverts par l'AECG peuvent \u00eatre autoris\u00e9s \u00e0 travailler au Canada sans avoir besoin d'une LMIA ou d'un permis de travail.","breadcrumb":{"@id":"https:\/\/www.canadim.com\/fr\/travail\/temporaire-sans-eimt\/aecg\/#breadcrumb"},"inLanguage":"fr-FR","potentialAction":[{"@type":"ReadAction","target":["https:\/\/www.canadim.com\/fr\/travail\/temporaire-sans-eimt\/aecg\/"]}]},{"@type":"BreadcrumbList","@id":"https:\/\/www.canadim.com\/fr\/travail\/temporaire-sans-eimt\/aecg\/#breadcrumb","itemListElement":[{"@type":"ListItem","position":1,"name":"Home","item":"https:\/\/www.canadim.com\/fr\/"},{"@type":"ListItem","position":2,"name":"Travailler au Canada : Processus de visa et de permis de travail Canada","item":"https:\/\/www.canadim.com\/fr\/travail\/"},{"@type":"ListItem","position":3,"name":"Work Permits without an LMIA","item":"https:\/\/www.canadim.com\/fr\/travail\/temporaire-sans-eimt\/"},{"@type":"ListItem","position":4,"name":"Permis de travail AECG"}]},{"@type":"WebSite","@id":"https:\/\/www.canadim.com\/#website","url":"https:\/\/www.canadim.com\/","name":"Canadim","description":"Canadian Immigration Law Firm","publisher":{"@id":"https:\/\/www.canadim.com\/#organization"},"potentialAction":[{"@type":"SearchAction","target":{"@type":"EntryPoint","urlTemplate":"https:\/\/www.canadim.com\/?s={search_term_string}"},"query-input":{"@type":"PropertyValueSpecification","valueRequired":true,"valueName":"search_term_string"}}],"inLanguage":"fr-FR"},{"@type":"Organization","@id":"https:\/\/www.canadim.com\/#organization","name":"Canadim","url":"https:\/\/www.canadim.com\/","logo":{"@type":"ImageObject","inLanguage":"fr-FR","@id":"https:\/\/www.canadim.com\/#\/schema\/logo\/image\/","url":"https:\/\/www.canadim.com\/app\/uploads\/2019\/05\/Logo1024.png","contentUrl":"https:\/\/www.canadim.com\/app\/uploads\/2019\/05\/Logo1024.png","width":1200,"height":675,"caption":"Canadim"},"image":{"@id":"https:\/\/www.canadim.com\/#\/schema\/logo\/image\/"}}]}},"_links":{"self":[{"href":"https:\/\/www.canadim.com\/fr\/wp-json\/wp\/v2\/pages\/29983","targetHints":{"allow":["GET"]}}],"collection":[{"href":"https:\/\/www.canadim.com\/fr\/wp-json\/wp\/v2\/pages"}],"about":[{"href":"https:\/\/www.canadim.com\/fr\/wp-json\/wp\/v2\/types\/page"}],"author":[{"embeddable":true,"href":"https:\/\/www.canadim.com\/fr\/wp-json\/wp\/v2\/users\/16"}],"replies":[{"embeddable":true,"href":"https:\/\/www.canadim.com\/fr\/wp-json\/wp\/v2\/comments?post=29983"}],"version-history":[{"count":0,"href":"https:\/\/www.canadim.com\/fr\/wp-json\/wp\/v2\/pages\/29983\/revisions"}],"up":[{"embeddable":true,"href":"https:\/\/www.canadim.com\/fr\/wp-json\/wp\/v2\/pages\/29994"}],"wp:attachment":[{"href":"https:\/\/www.canadim.com\/fr\/wp-json\/wp\/v2\/media?parent=29983"}],"wp:term":[{"taxonomy":"post_tag","embeddable":true,"href":"https:\/\/www.canadim.com\/fr\/wp-json\/wp\/v2\/tags?post=29983"}],"curies":[{"name":"wp","href":"https:\/\/api.w.org\/{rel}","templated":true}]}}