{"id":29986,"date":"2018-05-22T16:37:26","date_gmt":"2018-05-22T20:37:26","guid":{"rendered":"https:\/\/www.canadim.com\/work\/open-work-permit\/spousal-open-work-permit\/"},"modified":"2026-05-08T12:38:45","modified_gmt":"2026-05-08T16:38:45","slug":"pour-conjoint","status":"publish","type":"page","link":"https:\/\/www.canadim.com\/fr\/travail\/permis-travail-ouvert\/pour-conjoint\/","title":{"rendered":"Permis de travail ouvert pour \u00e9poux\u00a0:\u00a0 parrainage familial"},"content":{"rendered":"<p><span style=\"font-weight: 400;\">Si vous avez pr\u00e9sent\u00e9 une demande de r\u00e9sidence permanente par le biais du <\/span><a href=\"https:\/\/www.canadim.com\/fr\/parrainage\/parrainer-votre-epoux-ou-conjoint-de-fait\/\"><span style=\"font-weight: 400;\">parrainage d&#8217;un \u00e9poux<\/span><\/a><span style=\"font-weight: 400;\"> au Canada, vous pouvez \u00eatre admissible \u00e0 un <\/span><b>Permis de travail ouvert dans le cadre du parrainage d&#8217;un \u00e9poux<\/b><span style=\"font-weight: 400;\">. <\/span><\/p>\n<p><span style=\"font-weight: 400;\">Ceci vous permet ainsi de vivre et de <\/span><a href=\"https:\/\/www.canadim.com\/fr\/travail\/\"><span style=\"font-weight: 400;\">travailler au Canada<\/span><\/a><span style=\"font-weight: 400;\"> pendant que votre demande est en cours de traitement.<\/span><\/p>\n<p><i><span style=\"font-weight: 400;\">*Pour en savoir plus sur les permis de travail ouverts aux \u00e9poux de travailleurs \u00e9trangers temporaires ou d&#8217;\u00e9tudiants, <\/span><\/i><a href=\"https:\/\/www.canadim.com\/fr\/travail\/permis-travail-ouvert\/permis-travail-ouvert-pour-epoux-epoux-travailleurs-etudiants-etrangers\/\"><i><span style=\"font-weight: 400;\">cliquez ici<\/span><\/i><\/a><i><span style=\"font-weight: 400;\">.\u00a0<\/span><\/i><\/p>\n","protected":false},"excerpt":{"rendered":"<p>Si vous avez pr\u00e9sent\u00e9 une demande de r\u00e9sidence permanente par le biais du parrainage d&#8217;un \u00e9poux au Canada, vous pouvez \u00eatre admissible \u00e0 un Permis [&hellip;]<\/p>\n","protected":false},"author":35,"featured_media":0,"parent":29984,"menu_order":3,"comment_status":"closed","ping_status":"closed","template":"","meta":{"_acf_changed":true,"footnotes":""},"tags":[],"class_list":["post-29986","page","type-page","status-publish","hentry"],"acf":[],"yoast_head":"<!-- This site is optimized with the Yoast SEO Premium plugin v22.7 (Yoast SEO v26.6) - https:\/\/yoast.com\/wordpress\/plugins\/seo\/ -->\n<title>Permis de travail ouvert pour \u00e9poux\u00a0:\u00a0 parrainage familial<\/title>\n<meta name=\"description\" content=\"La proc\u00e9dure de demande d&#039;un permis de travail ouvert pour le conjoint d\u00e9pendra du type de permis demand\u00e9 par votre conjoint.\" \/>\n<meta name=\"robots\" content=\"index, follow, max-snippet:-1, max-image-preview:large, max-video-preview:-1\" \/>\n<link rel=\"canonical\" href=\"https:\/\/www.canadim.com\/fr\/travail\/permis-travail-ouvert\/pour-conjoint\/\" \/>\n<meta property=\"og:locale\" content=\"fr_FR\" \/>\n<meta property=\"og:type\" content=\"article\" \/>\n<meta property=\"og:title\" content=\"Permis de travail ouvert pour \u00e9poux\u00a0:\u00a0 parrainage familial\" \/>\n<meta property=\"og:description\" content=\"La proc\u00e9dure de demande d&#039;un permis de travail ouvert pour le conjoint d\u00e9pendra du type de permis demand\u00e9 par votre conjoint.\" \/>\n<meta property=\"og:url\" content=\"https:\/\/www.canadim.com\/fr\/travail\/permis-travail-ouvert\/pour-conjoint\/\" \/>\n<meta property=\"og:site_name\" content=\"Canadim\" \/>\n<meta property=\"article:modified_time\" content=\"2026-05-08T16:38:45+00:00\" \/>\n<meta property=\"og:image\" content=\"https:\/\/www.canadim.com\/app\/uploads\/2019\/03\/Assessment-Image-Facebook.jpg\" \/>\n\t<meta property=\"og:image:width\" content=\"1200\" \/>\n\t<meta property=\"og:image:height\" content=\"630\" \/>\n\t<meta property=\"og:image:type\" content=\"image\/jpeg\" \/>\n<meta name=\"twitter:card\" content=\"summary_large_image\" \/>\n<meta name=\"twitter:label1\" content=\"Dur\u00e9e de lecture estim\u00e9e\" \/>\n\t<meta name=\"twitter:data1\" content=\"1 minute\" \/>\n<!-- \/ Yoast SEO Premium plugin. -->","yoast_head_json":{"title":"Permis de travail ouvert pour \u00e9poux\u00a0:\u00a0 parrainage familial","description":"La proc\u00e9dure de demande d'un permis de travail ouvert pour le conjoint d\u00e9pendra du type de permis demand\u00e9 par votre conjoint.","robots":{"index":"index","follow":"follow","max-snippet":"max-snippet:-1","max-image-preview":"max-image-preview:large","max-video-preview":"max-video-preview:-1"},"canonical":"https:\/\/www.canadim.com\/fr\/travail\/permis-travail-ouvert\/pour-conjoint\/","og_locale":"fr_FR","og_type":"article","og_title":"Permis de travail ouvert pour \u00e9poux\u00a0:\u00a0 parrainage familial","og_description":"La proc\u00e9dure de demande d'un permis de travail ouvert pour le conjoint d\u00e9pendra du type de permis demand\u00e9 par votre conjoint.","og_url":"https:\/\/www.canadim.com\/fr\/travail\/permis-travail-ouvert\/pour-conjoint\/","og_site_name":"Canadim","article_modified_time":"2026-05-08T16:38:45+00:00","og_image":[{"width":1200,"height":630,"url":"https:\/\/www.canadim.com\/app\/uploads\/2019\/03\/Assessment-Image-Facebook.jpg","type":"image\/jpeg"}],"twitter_card":"summary_large_image","twitter_misc":{"Dur\u00e9e de lecture estim\u00e9e":"1 minute"},"schema":{"@context":"https:\/\/schema.org","@graph":[{"@type":"WebPage","@id":"https:\/\/www.canadim.com\/fr\/travail\/permis-travail-ouvert\/pour-conjoint\/","url":"https:\/\/www.canadim.com\/fr\/travail\/permis-travail-ouvert\/pour-conjoint\/","name":"Permis de travail ouvert pour \u00e9poux\u00a0:\u00a0 parrainage familial","isPartOf":{"@id":"https:\/\/www.canadim.com\/#website"},"datePublished":"2018-05-22T20:37:26+00:00","dateModified":"2026-05-08T16:38:45+00:00","description":"La proc\u00e9dure de demande d'un permis de travail ouvert pour le conjoint d\u00e9pendra du type de permis demand\u00e9 par votre conjoint.","breadcrumb":{"@id":"https:\/\/www.canadim.com\/fr\/travail\/permis-travail-ouvert\/pour-conjoint\/#breadcrumb"},"inLanguage":"fr-FR","potentialAction":[{"@type":"ReadAction","target":["https:\/\/www.canadim.com\/fr\/travail\/permis-travail-ouvert\/pour-conjoint\/"]}]},{"@type":"BreadcrumbList","@id":"https:\/\/www.canadim.com\/fr\/travail\/permis-travail-ouvert\/pour-conjoint\/#breadcrumb","itemListElement":[{"@type":"ListItem","position":1,"name":"Home","item":"https:\/\/www.canadim.com\/fr\/"},{"@type":"ListItem","position":2,"name":"Travailler au Canada : Processus de visa et de permis de travail Canada","item":"https:\/\/www.canadim.com\/fr\/travail\/"},{"@type":"ListItem","position":3,"name":"Permis de travail ouvert","item":"https:\/\/www.canadim.com\/fr\/travail\/permis-travail-ouvert\/"},{"@type":"ListItem","position":4,"name":"Permis de travail ouvert pour \u00e9poux\u00a0:\u00a0 parrainage familial"}]},{"@type":"WebSite","@id":"https:\/\/www.canadim.com\/#website","url":"https:\/\/www.canadim.com\/","name":"Canadim","description":"Canadian Immigration Law Firm","publisher":{"@id":"https:\/\/www.canadim.com\/#organization"},"potentialAction":[{"@type":"SearchAction","target":{"@type":"EntryPoint","urlTemplate":"https:\/\/www.canadim.com\/?s={search_term_string}"},"query-input":{"@type":"PropertyValueSpecification","valueRequired":true,"valueName":"search_term_string"}}],"inLanguage":"fr-FR"},{"@type":"Organization","@id":"https:\/\/www.canadim.com\/#organization","name":"Canadim","url":"https:\/\/www.canadim.com\/","logo":{"@type":"ImageObject","inLanguage":"fr-FR","@id":"https:\/\/www.canadim.com\/#\/schema\/logo\/image\/","url":"https:\/\/www.canadim.com\/app\/uploads\/2019\/05\/Logo1024.png","contentUrl":"https:\/\/www.canadim.com\/app\/uploads\/2019\/05\/Logo1024.png","width":1200,"height":675,"caption":"Canadim"},"image":{"@id":"https:\/\/www.canadim.com\/#\/schema\/logo\/image\/"}}]}},"_links":{"self":[{"href":"https:\/\/www.canadim.com\/fr\/wp-json\/wp\/v2\/pages\/29986","targetHints":{"allow":["GET"]}}],"collection":[{"href":"https:\/\/www.canadim.com\/fr\/wp-json\/wp\/v2\/pages"}],"about":[{"href":"https:\/\/www.canadim.com\/fr\/wp-json\/wp\/v2\/types\/page"}],"author":[{"embeddable":true,"href":"https:\/\/www.canadim.com\/fr\/wp-json\/wp\/v2\/users\/35"}],"replies":[{"embeddable":true,"href":"https:\/\/www.canadim.com\/fr\/wp-json\/wp\/v2\/comments?post=29986"}],"version-history":[{"count":0,"href":"https:\/\/www.canadim.com\/fr\/wp-json\/wp\/v2\/pages\/29986\/revisions"}],"up":[{"embeddable":true,"href":"https:\/\/www.canadim.com\/fr\/wp-json\/wp\/v2\/pages\/29984"}],"wp:attachment":[{"href":"https:\/\/www.canadim.com\/fr\/wp-json\/wp\/v2\/media?parent=29986"}],"wp:term":[{"taxonomy":"post_tag","embeddable":true,"href":"https:\/\/www.canadim.com\/fr\/wp-json\/wp\/v2\/tags?post=29986"}],"curies":[{"name":"wp","href":"https:\/\/api.w.org\/{rel}","templated":true}]}}