{"id":30464,"date":"2018-03-06T22:22:10","date_gmt":"2018-03-06T21:22:10","guid":{"rendered":"https:\/\/www.canadim.com\/contact-us\/"},"modified":"2025-05-29T09:54:46","modified_gmt":"2025-05-29T13:54:46","slug":"contactez-nous","status":"publish","type":"page","link":"https:\/\/www.canadim.com\/fr\/contactez-nous\/","title":{"rendered":"Contactez-nous"},"content":{"rendered":"","protected":false},"excerpt":{"rendered":"","protected":false},"author":35,"featured_media":0,"parent":0,"menu_order":0,"comment_status":"closed","ping_status":"closed","template":"t-contact.php","meta":{"_acf_changed":true,"footnotes":""},"tags":[],"class_list":["post-30464","page","type-page","status-publish","hentry"],"acf":[],"yoast_head":"<!-- This site is optimized with the Yoast SEO Premium plugin v22.7 (Yoast SEO v26.6) - https:\/\/yoast.com\/wordpress\/plugins\/seo\/ -->\n<title>Contactez-nous | Canadim<\/title>\n<meta name=\"description\" content=\"Nos avocats sp\u00e9cialis\u00e9s dans l&#039;immigration canadienne peuvent vous aider \u00e0 visiter, travailler, \u00e9tudier ou immigrer au Canada. Contactez-nous.\" \/>\n<meta name=\"robots\" content=\"index, follow, max-snippet:-1, max-image-preview:large, max-video-preview:-1\" \/>\n<link rel=\"canonical\" href=\"https:\/\/www.canadim.com\/fr\/contactez-nous\/\" \/>\n<meta property=\"og:locale\" content=\"fr_FR\" \/>\n<meta property=\"og:type\" content=\"article\" \/>\n<meta property=\"og:title\" content=\"Contactez-nous\" \/>\n<meta property=\"og:description\" content=\"Nos avocats sp\u00e9cialis\u00e9s dans l&#039;immigration canadienne peuvent vous aider \u00e0 visiter, travailler, \u00e9tudier ou immigrer au Canada. Contactez-nous.\" \/>\n<meta property=\"og:url\" content=\"https:\/\/www.canadim.com\/fr\/contactez-nous\/\" \/>\n<meta property=\"og:site_name\" content=\"Canadim\" \/>\n<meta property=\"article:modified_time\" content=\"2025-05-29T13:54:46+00:00\" \/>\n<meta property=\"og:image\" content=\"https:\/\/www.canadim.com\/app\/uploads\/2024\/06\/SMO-EN-CANADIM-1.png\" \/>\n\t<meta property=\"og:image:width\" content=\"1200\" \/>\n\t<meta property=\"og:image:height\" content=\"630\" \/>\n\t<meta property=\"og:image:type\" content=\"image\/png\" \/>\n<meta name=\"twitter:card\" content=\"summary_large_image\" \/>\n<!-- \/ Yoast SEO Premium plugin. -->","yoast_head_json":{"title":"Contactez-nous | Canadim","description":"Nos avocats sp\u00e9cialis\u00e9s dans l'immigration canadienne peuvent vous aider \u00e0 visiter, travailler, \u00e9tudier ou immigrer au Canada. Contactez-nous.","robots":{"index":"index","follow":"follow","max-snippet":"max-snippet:-1","max-image-preview":"max-image-preview:large","max-video-preview":"max-video-preview:-1"},"canonical":"https:\/\/www.canadim.com\/fr\/contactez-nous\/","og_locale":"fr_FR","og_type":"article","og_title":"Contactez-nous","og_description":"Nos avocats sp\u00e9cialis\u00e9s dans l'immigration canadienne peuvent vous aider \u00e0 visiter, travailler, \u00e9tudier ou immigrer au Canada. Contactez-nous.","og_url":"https:\/\/www.canadim.com\/fr\/contactez-nous\/","og_site_name":"Canadim","article_modified_time":"2025-05-29T13:54:46+00:00","og_image":[{"width":1200,"height":630,"url":"https:\/\/www.canadim.com\/app\/uploads\/2024\/06\/SMO-EN-CANADIM-1.png","type":"image\/png"}],"twitter_card":"summary_large_image","schema":{"@context":"https:\/\/schema.org","@graph":[{"@type":"WebPage","@id":"https:\/\/www.canadim.com\/fr\/contactez-nous\/","url":"https:\/\/www.canadim.com\/fr\/contactez-nous\/","name":"Contactez-nous | Canadim","isPartOf":{"@id":"https:\/\/www.canadim.com\/#website"},"datePublished":"2018-03-06T21:22:10+00:00","dateModified":"2025-05-29T13:54:46+00:00","description":"Nos avocats sp\u00e9cialis\u00e9s dans l'immigration canadienne peuvent vous aider \u00e0 visiter, travailler, \u00e9tudier ou immigrer au Canada. Contactez-nous.","breadcrumb":{"@id":"https:\/\/www.canadim.com\/fr\/contactez-nous\/#breadcrumb"},"inLanguage":"fr-FR","potentialAction":[{"@type":"ReadAction","target":["https:\/\/www.canadim.com\/fr\/contactez-nous\/"]}]},{"@type":"BreadcrumbList","@id":"https:\/\/www.canadim.com\/fr\/contactez-nous\/#breadcrumb","itemListElement":[{"@type":"ListItem","position":1,"name":"Home","item":"https:\/\/www.canadim.com\/fr\/"},{"@type":"ListItem","position":2,"name":"Contactez-nous"}]},{"@type":"WebSite","@id":"https:\/\/www.canadim.com\/#website","url":"https:\/\/www.canadim.com\/","name":"Canadim","description":"Canadian Immigration Law Firm","publisher":{"@id":"https:\/\/www.canadim.com\/#organization"},"potentialAction":[{"@type":"SearchAction","target":{"@type":"EntryPoint","urlTemplate":"https:\/\/www.canadim.com\/?s={search_term_string}"},"query-input":{"@type":"PropertyValueSpecification","valueRequired":true,"valueName":"search_term_string"}}],"inLanguage":"fr-FR"},{"@type":"Organization","@id":"https:\/\/www.canadim.com\/#organization","name":"Canadim","url":"https:\/\/www.canadim.com\/","logo":{"@type":"ImageObject","inLanguage":"fr-FR","@id":"https:\/\/www.canadim.com\/#\/schema\/logo\/image\/","url":"https:\/\/www.canadim.com\/app\/uploads\/2019\/05\/Logo1024.png","contentUrl":"https:\/\/www.canadim.com\/app\/uploads\/2019\/05\/Logo1024.png","width":1200,"height":675,"caption":"Canadim"},"image":{"@id":"https:\/\/www.canadim.com\/#\/schema\/logo\/image\/"}}]}},"_links":{"self":[{"href":"https:\/\/www.canadim.com\/fr\/wp-json\/wp\/v2\/pages\/30464","targetHints":{"allow":["GET"]}}],"collection":[{"href":"https:\/\/www.canadim.com\/fr\/wp-json\/wp\/v2\/pages"}],"about":[{"href":"https:\/\/www.canadim.com\/fr\/wp-json\/wp\/v2\/types\/page"}],"author":[{"embeddable":true,"href":"https:\/\/www.canadim.com\/fr\/wp-json\/wp\/v2\/users\/35"}],"replies":[{"embeddable":true,"href":"https:\/\/www.canadim.com\/fr\/wp-json\/wp\/v2\/comments?post=30464"}],"version-history":[{"count":0,"href":"https:\/\/www.canadim.com\/fr\/wp-json\/wp\/v2\/pages\/30464\/revisions"}],"wp:attachment":[{"href":"https:\/\/www.canadim.com\/fr\/wp-json\/wp\/v2\/media?parent=30464"}],"wp:term":[{"taxonomy":"post_tag","embeddable":true,"href":"https:\/\/www.canadim.com\/fr\/wp-json\/wp\/v2\/tags?post=30464"}],"curies":[{"name":"wp","href":"https:\/\/api.w.org\/{rel}","templated":true}]}}