{"id":32289,"date":"2024-04-18T14:44:12","date_gmt":"2024-04-18T18:44:12","guid":{"rendered":"https:\/\/www.canadim.com\/?page_id=32289"},"modified":"2024-05-23T13:52:43","modified_gmt":"2024-05-23T17:52:43","slug":"parrainage-a-linterieur-du-canada","status":"publish","type":"page","link":"https:\/\/www.canadim.com\/fr\/parrainage\/parrainer-votre-epoux-ou-conjoint-de-fait\/parrainage-a-linterieur-du-canada\/","title":{"rendered":"Parrainage \u00e0 l&#8217;int\u00e9rieur du Canada"},"content":{"rendered":"\n<p>Les citoyens canadiens ou les r\u00e9sidents permanents qui vivent d\u00e9j\u00e0 avec leur conjoint au Canada peuvent faire une demande de parrainage \u00e0 travers le volet du programme de parrainage familial consacr\u00e9 au parrainage des conjoints \u00e0 l&#8217;int\u00e9rieur du pays.<\/p>\n","protected":false},"excerpt":{"rendered":"<p>Les citoyens canadiens ou les r\u00e9sidents permanents qui vivent d\u00e9j\u00e0 avec leur conjoint au Canada peuvent faire une demande de parrainage \u00e0 travers le volet [&hellip;]<\/p>\n","protected":false},"author":35,"featured_media":0,"parent":30826,"menu_order":1,"comment_status":"closed","ping_status":"closed","template":"","meta":{"_acf_changed":true,"footnotes":""},"tags":[],"class_list":["post-32289","page","type-page","status-publish","hentry"],"acf":[],"yoast_head":"<!-- This site is optimized with the Yoast SEO Premium plugin v22.7 (Yoast SEO v26.6) - https:\/\/yoast.com\/wordpress\/plugins\/seo\/ -->\n<title>Parrainage \u00e0 l&#039;int\u00e9rieur du Canada - Canadim<\/title>\n<meta name=\"description\" content=\"Le parrainage int\u00e9rieur permet aux candidats de rester au Canada pendant le traitement de leur demande de r\u00e9sidence permanente.\" \/>\n<meta name=\"robots\" content=\"index, follow, max-snippet:-1, max-image-preview:large, max-video-preview:-1\" \/>\n<link rel=\"canonical\" href=\"https:\/\/www.canadim.com\/fr\/parrainage\/parrainer-votre-epoux-ou-conjoint-de-fait\/parrainage-a-linterieur-du-canada\/\" \/>\n<meta property=\"og:locale\" content=\"fr_FR\" \/>\n<meta property=\"og:type\" content=\"article\" \/>\n<meta property=\"og:title\" content=\"Parrainage \u00e0 l&#039;int\u00e9rieur du Canada\" \/>\n<meta property=\"og:description\" content=\"Le parrainage int\u00e9rieur permet aux candidats de rester au Canada pendant le traitement de leur demande de r\u00e9sidence permanente.\" \/>\n<meta property=\"og:url\" content=\"https:\/\/www.canadim.com\/fr\/parrainage\/parrainer-votre-epoux-ou-conjoint-de-fait\/parrainage-a-linterieur-du-canada\/\" \/>\n<meta property=\"og:site_name\" content=\"Canadim\" \/>\n<meta property=\"article:modified_time\" content=\"2024-05-23T17:52:43+00:00\" \/>\n<meta property=\"og:image\" content=\"https:\/\/www.canadim.com\/app\/uploads\/2024\/06\/SMO-EN-CANADIM-1.png\" \/>\n\t<meta property=\"og:image:width\" content=\"1200\" \/>\n\t<meta property=\"og:image:height\" content=\"630\" \/>\n\t<meta property=\"og:image:type\" content=\"image\/png\" \/>\n<meta name=\"twitter:card\" content=\"summary_large_image\" \/>\n<meta name=\"twitter:label1\" content=\"Dur\u00e9e de lecture estim\u00e9e\" \/>\n\t<meta name=\"twitter:data1\" content=\"1 minute\" \/>\n<!-- \/ Yoast SEO Premium plugin. -->","yoast_head_json":{"title":"Parrainage \u00e0 l'int\u00e9rieur du Canada - Canadim","description":"Le parrainage int\u00e9rieur permet aux candidats de rester au Canada pendant le traitement de leur demande de r\u00e9sidence permanente.","robots":{"index":"index","follow":"follow","max-snippet":"max-snippet:-1","max-image-preview":"max-image-preview:large","max-video-preview":"max-video-preview:-1"},"canonical":"https:\/\/www.canadim.com\/fr\/parrainage\/parrainer-votre-epoux-ou-conjoint-de-fait\/parrainage-a-linterieur-du-canada\/","og_locale":"fr_FR","og_type":"article","og_title":"Parrainage \u00e0 l'int\u00e9rieur du Canada","og_description":"Le parrainage int\u00e9rieur permet aux candidats de rester au Canada pendant le traitement de leur demande de r\u00e9sidence permanente.","og_url":"https:\/\/www.canadim.com\/fr\/parrainage\/parrainer-votre-epoux-ou-conjoint-de-fait\/parrainage-a-linterieur-du-canada\/","og_site_name":"Canadim","article_modified_time":"2024-05-23T17:52:43+00:00","og_image":[{"width":1200,"height":630,"url":"https:\/\/www.canadim.com\/app\/uploads\/2024\/06\/SMO-EN-CANADIM-1.png","type":"image\/png"}],"twitter_card":"summary_large_image","twitter_misc":{"Dur\u00e9e de lecture estim\u00e9e":"1 minute"},"schema":{"@context":"https:\/\/schema.org","@graph":[{"@type":"WebPage","@id":"https:\/\/www.canadim.com\/fr\/parrainage\/parrainer-votre-epoux-ou-conjoint-de-fait\/parrainage-a-linterieur-du-canada\/","url":"https:\/\/www.canadim.com\/fr\/parrainage\/parrainer-votre-epoux-ou-conjoint-de-fait\/parrainage-a-linterieur-du-canada\/","name":"Parrainage \u00e0 l'int\u00e9rieur du Canada - Canadim","isPartOf":{"@id":"https:\/\/www.canadim.com\/#website"},"datePublished":"2024-04-18T18:44:12+00:00","dateModified":"2024-05-23T17:52:43+00:00","description":"Le parrainage int\u00e9rieur permet aux candidats de rester au Canada pendant le traitement de leur demande de r\u00e9sidence permanente.","breadcrumb":{"@id":"https:\/\/www.canadim.com\/fr\/parrainage\/parrainer-votre-epoux-ou-conjoint-de-fait\/parrainage-a-linterieur-du-canada\/#breadcrumb"},"inLanguage":"fr-FR","potentialAction":[{"@type":"ReadAction","target":["https:\/\/www.canadim.com\/fr\/parrainage\/parrainer-votre-epoux-ou-conjoint-de-fait\/parrainage-a-linterieur-du-canada\/"]}]},{"@type":"BreadcrumbList","@id":"https:\/\/www.canadim.com\/fr\/parrainage\/parrainer-votre-epoux-ou-conjoint-de-fait\/parrainage-a-linterieur-du-canada\/#breadcrumb","itemListElement":[{"@type":"ListItem","position":1,"name":"Home","item":"https:\/\/www.canadim.com\/fr\/"},{"@type":"ListItem","position":2,"name":"Parrainage canadien","item":"https:\/\/www.canadim.com\/fr\/parrainage\/"},{"@type":"ListItem","position":3,"name":"Parrainer votre \u00e9poux ou partenaire conjugal au Canada","item":"https:\/\/www.canadim.com\/fr\/parrainage\/parrainer-votre-epoux-ou-conjoint-de-fait\/"},{"@type":"ListItem","position":4,"name":"Parrainage \u00e0 l&#8217;int\u00e9rieur du Canada"}]},{"@type":"WebSite","@id":"https:\/\/www.canadim.com\/#website","url":"https:\/\/www.canadim.com\/","name":"Canadim","description":"Canadian Immigration Law Firm","publisher":{"@id":"https:\/\/www.canadim.com\/#organization"},"potentialAction":[{"@type":"SearchAction","target":{"@type":"EntryPoint","urlTemplate":"https:\/\/www.canadim.com\/?s={search_term_string}"},"query-input":{"@type":"PropertyValueSpecification","valueRequired":true,"valueName":"search_term_string"}}],"inLanguage":"fr-FR"},{"@type":"Organization","@id":"https:\/\/www.canadim.com\/#organization","name":"Canadim","url":"https:\/\/www.canadim.com\/","logo":{"@type":"ImageObject","inLanguage":"fr-FR","@id":"https:\/\/www.canadim.com\/#\/schema\/logo\/image\/","url":"https:\/\/www.canadim.com\/app\/uploads\/2019\/05\/Logo1024.png","contentUrl":"https:\/\/www.canadim.com\/app\/uploads\/2019\/05\/Logo1024.png","width":1200,"height":675,"caption":"Canadim"},"image":{"@id":"https:\/\/www.canadim.com\/#\/schema\/logo\/image\/"}}]}},"_links":{"self":[{"href":"https:\/\/www.canadim.com\/fr\/wp-json\/wp\/v2\/pages\/32289","targetHints":{"allow":["GET"]}}],"collection":[{"href":"https:\/\/www.canadim.com\/fr\/wp-json\/wp\/v2\/pages"}],"about":[{"href":"https:\/\/www.canadim.com\/fr\/wp-json\/wp\/v2\/types\/page"}],"author":[{"embeddable":true,"href":"https:\/\/www.canadim.com\/fr\/wp-json\/wp\/v2\/users\/35"}],"replies":[{"embeddable":true,"href":"https:\/\/www.canadim.com\/fr\/wp-json\/wp\/v2\/comments?post=32289"}],"version-history":[{"count":0,"href":"https:\/\/www.canadim.com\/fr\/wp-json\/wp\/v2\/pages\/32289\/revisions"}],"up":[{"embeddable":true,"href":"https:\/\/www.canadim.com\/fr\/wp-json\/wp\/v2\/pages\/30826"}],"wp:attachment":[{"href":"https:\/\/www.canadim.com\/fr\/wp-json\/wp\/v2\/media?parent=32289"}],"wp:term":[{"taxonomy":"post_tag","embeddable":true,"href":"https:\/\/www.canadim.com\/fr\/wp-json\/wp\/v2\/tags?post=32289"}],"curies":[{"name":"wp","href":"https:\/\/api.w.org\/{rel}","templated":true}]}}