{"id":32290,"date":"2024-04-18T15:43:48","date_gmt":"2024-04-18T19:43:48","guid":{"rendered":"https:\/\/www.canadim.com\/?page_id=32290"},"modified":"2026-04-29T13:56:08","modified_gmt":"2026-04-29T17:56:08","slug":"parrainage-a-lexterieur-du-canada","status":"publish","type":"page","link":"https:\/\/www.canadim.com\/fr\/parrainage\/parrainer-votre-epoux-ou-conjoint-de-fait\/parrainage-a-lexterieur-du-canada\/","title":{"rendered":"Parrainage d&#8217;un \u00e9poux ou d&#8217;un conjoint de fait de l&#8217;ext\u00e9rieur du Canada"},"content":{"rendered":"\n<p><strong>Le parrainage d&#8217;un \u00e9poux ou d&#8217;un conjoint de fait de l&#8217;ext\u00e9rieur du Canada<\/strong> permet \u00e0 un citoyen canadien ou \u00e0 un r\u00e9sident permanent de parrainer son \u00e9poux ou son conjoint de fait en vue de l&#8217;obtention de la r\u00e9sidence permanente au Canada &#8211; quel que soit le lieu de r\u00e9sidence actuel de la personne parrain\u00e9e.<\/p>\n\n\n\n<p>Bien que ce programme ait \u00e9t\u00e9 con\u00e7u \u00e0 l&#8217;origine pour les candidats r\u00e9sidant \u00e0 l&#8217;ext\u00e9rieur du Canada, les personnes r\u00e9sidant au Canada peuvent \u00e9galement pr\u00e9senter une demande dans le cadre de ce programme. <\/p>\n\n\n\n<p>Cette option offre souvent une plus grande flexibilit\u00e9, y compris la possibilit\u00e9 de voyager \u00e0 l&#8217;int\u00e9rieur et \u00e0 l&#8217;ext\u00e9rieur du Canada pendant le traitement de la demande.<\/p>\n","protected":false},"excerpt":{"rendered":"<p>Le parrainage d&#8217;un \u00e9poux ou d&#8217;un conjoint de fait de l&#8217;ext\u00e9rieur du Canada permet \u00e0 un citoyen canadien ou \u00e0 un r\u00e9sident permanent de parrainer [&hellip;]<\/p>\n","protected":false},"author":35,"featured_media":0,"parent":30826,"menu_order":2,"comment_status":"closed","ping_status":"closed","template":"","meta":{"_acf_changed":true,"footnotes":""},"tags":[],"class_list":["post-32290","page","type-page","status-publish","hentry"],"acf":[],"yoast_head":"<!-- This site is optimized with the Yoast SEO Premium plugin v22.7 (Yoast SEO v26.6) - https:\/\/yoast.com\/wordpress\/plugins\/seo\/ -->\n<title>Parrainage d&#039;un \u00e9poux ou d&#039;un conjoint de fait de l&#039;ext\u00e9rieur du Canada - Canadim<\/title>\n<meta name=\"description\" content=\"Parrainez votre partenaire pour qu&#039;il obtienne la r\u00e9sidence permanente au Canada en d\u00e9couvrant les avantages du parrainage d&#039;un \u00e9poux ou d&#039;un conjoint de fait de l&#039;ext\u00e9rieur du Canada.\" \/>\n<meta name=\"robots\" content=\"index, follow, max-snippet:-1, max-image-preview:large, max-video-preview:-1\" \/>\n<link rel=\"canonical\" href=\"https:\/\/www.canadim.com\/fr\/parrainage\/parrainer-votre-epoux-ou-conjoint-de-fait\/parrainage-a-lexterieur-du-canada\/\" \/>\n<meta property=\"og:locale\" content=\"fr_FR\" \/>\n<meta property=\"og:type\" content=\"article\" \/>\n<meta property=\"og:title\" content=\"Parrainage d&#039;un \u00e9poux ou d&#039;un conjoint de fait de l&#039;ext\u00e9rieur du Canada\" \/>\n<meta property=\"og:description\" content=\"Parrainez votre partenaire pour qu&#039;il obtienne la r\u00e9sidence permanente au Canada en d\u00e9couvrant les avantages du parrainage d&#039;un \u00e9poux ou d&#039;un conjoint de fait de l&#039;ext\u00e9rieur du Canada.\" \/>\n<meta property=\"og:url\" content=\"https:\/\/www.canadim.com\/fr\/parrainage\/parrainer-votre-epoux-ou-conjoint-de-fait\/parrainage-a-lexterieur-du-canada\/\" \/>\n<meta property=\"og:site_name\" content=\"Canadim\" \/>\n<meta property=\"article:modified_time\" content=\"2026-04-29T17:56:08+00:00\" \/>\n<meta property=\"og:image\" content=\"https:\/\/www.canadim.com\/app\/uploads\/2024\/06\/SMO-EN-CANADIM-1.png\" \/>\n\t<meta property=\"og:image:width\" content=\"1200\" \/>\n\t<meta property=\"og:image:height\" content=\"630\" \/>\n\t<meta property=\"og:image:type\" content=\"image\/png\" \/>\n<meta name=\"twitter:card\" content=\"summary_large_image\" \/>\n<meta name=\"twitter:label1\" content=\"Dur\u00e9e de lecture estim\u00e9e\" \/>\n\t<meta name=\"twitter:data1\" content=\"1 minute\" \/>\n<!-- \/ Yoast SEO Premium plugin. -->","yoast_head_json":{"title":"Parrainage d'un \u00e9poux ou d'un conjoint de fait de l'ext\u00e9rieur du Canada - Canadim","description":"Parrainez votre partenaire pour qu'il obtienne la r\u00e9sidence permanente au Canada en d\u00e9couvrant les avantages du parrainage d'un \u00e9poux ou d'un conjoint de fait de l'ext\u00e9rieur du Canada.","robots":{"index":"index","follow":"follow","max-snippet":"max-snippet:-1","max-image-preview":"max-image-preview:large","max-video-preview":"max-video-preview:-1"},"canonical":"https:\/\/www.canadim.com\/fr\/parrainage\/parrainer-votre-epoux-ou-conjoint-de-fait\/parrainage-a-lexterieur-du-canada\/","og_locale":"fr_FR","og_type":"article","og_title":"Parrainage d'un \u00e9poux ou d'un conjoint de fait de l'ext\u00e9rieur du Canada","og_description":"Parrainez votre partenaire pour qu'il obtienne la r\u00e9sidence permanente au Canada en d\u00e9couvrant les avantages du parrainage d'un \u00e9poux ou d'un conjoint de fait de l'ext\u00e9rieur du Canada.","og_url":"https:\/\/www.canadim.com\/fr\/parrainage\/parrainer-votre-epoux-ou-conjoint-de-fait\/parrainage-a-lexterieur-du-canada\/","og_site_name":"Canadim","article_modified_time":"2026-04-29T17:56:08+00:00","og_image":[{"width":1200,"height":630,"url":"https:\/\/www.canadim.com\/app\/uploads\/2024\/06\/SMO-EN-CANADIM-1.png","type":"image\/png"}],"twitter_card":"summary_large_image","twitter_misc":{"Dur\u00e9e de lecture estim\u00e9e":"1 minute"},"schema":{"@context":"https:\/\/schema.org","@graph":[{"@type":"WebPage","@id":"https:\/\/www.canadim.com\/fr\/parrainage\/parrainer-votre-epoux-ou-conjoint-de-fait\/parrainage-a-lexterieur-du-canada\/","url":"https:\/\/www.canadim.com\/fr\/parrainage\/parrainer-votre-epoux-ou-conjoint-de-fait\/parrainage-a-lexterieur-du-canada\/","name":"Parrainage d'un \u00e9poux ou d'un conjoint de fait de l'ext\u00e9rieur du Canada - Canadim","isPartOf":{"@id":"https:\/\/www.canadim.com\/#website"},"datePublished":"2024-04-18T19:43:48+00:00","dateModified":"2026-04-29T17:56:08+00:00","description":"Parrainez votre partenaire pour qu'il obtienne la r\u00e9sidence permanente au Canada en d\u00e9couvrant les avantages du parrainage d'un \u00e9poux ou d'un conjoint de fait de l'ext\u00e9rieur du Canada.","breadcrumb":{"@id":"https:\/\/www.canadim.com\/fr\/parrainage\/parrainer-votre-epoux-ou-conjoint-de-fait\/parrainage-a-lexterieur-du-canada\/#breadcrumb"},"inLanguage":"fr-FR","potentialAction":[{"@type":"ReadAction","target":["https:\/\/www.canadim.com\/fr\/parrainage\/parrainer-votre-epoux-ou-conjoint-de-fait\/parrainage-a-lexterieur-du-canada\/"]}]},{"@type":"BreadcrumbList","@id":"https:\/\/www.canadim.com\/fr\/parrainage\/parrainer-votre-epoux-ou-conjoint-de-fait\/parrainage-a-lexterieur-du-canada\/#breadcrumb","itemListElement":[{"@type":"ListItem","position":1,"name":"Home","item":"https:\/\/www.canadim.com\/fr\/"},{"@type":"ListItem","position":2,"name":"Parrainage canadien","item":"https:\/\/www.canadim.com\/fr\/parrainage\/"},{"@type":"ListItem","position":3,"name":"Parrainer votre \u00e9poux ou partenaire conjugal au Canada","item":"https:\/\/www.canadim.com\/fr\/parrainage\/parrainer-votre-epoux-ou-conjoint-de-fait\/"},{"@type":"ListItem","position":4,"name":"Parrainage d&#8217;un \u00e9poux ou d&#8217;un conjoint de fait de l&#8217;ext\u00e9rieur du Canada"}]},{"@type":"WebSite","@id":"https:\/\/www.canadim.com\/#website","url":"https:\/\/www.canadim.com\/","name":"Canadim","description":"Canadian Immigration Law Firm","publisher":{"@id":"https:\/\/www.canadim.com\/#organization"},"potentialAction":[{"@type":"SearchAction","target":{"@type":"EntryPoint","urlTemplate":"https:\/\/www.canadim.com\/?s={search_term_string}"},"query-input":{"@type":"PropertyValueSpecification","valueRequired":true,"valueName":"search_term_string"}}],"inLanguage":"fr-FR"},{"@type":"Organization","@id":"https:\/\/www.canadim.com\/#organization","name":"Canadim","url":"https:\/\/www.canadim.com\/","logo":{"@type":"ImageObject","inLanguage":"fr-FR","@id":"https:\/\/www.canadim.com\/#\/schema\/logo\/image\/","url":"https:\/\/www.canadim.com\/app\/uploads\/2019\/05\/Logo1024.png","contentUrl":"https:\/\/www.canadim.com\/app\/uploads\/2019\/05\/Logo1024.png","width":1200,"height":675,"caption":"Canadim"},"image":{"@id":"https:\/\/www.canadim.com\/#\/schema\/logo\/image\/"}}]}},"_links":{"self":[{"href":"https:\/\/www.canadim.com\/fr\/wp-json\/wp\/v2\/pages\/32290","targetHints":{"allow":["GET"]}}],"collection":[{"href":"https:\/\/www.canadim.com\/fr\/wp-json\/wp\/v2\/pages"}],"about":[{"href":"https:\/\/www.canadim.com\/fr\/wp-json\/wp\/v2\/types\/page"}],"author":[{"embeddable":true,"href":"https:\/\/www.canadim.com\/fr\/wp-json\/wp\/v2\/users\/35"}],"replies":[{"embeddable":true,"href":"https:\/\/www.canadim.com\/fr\/wp-json\/wp\/v2\/comments?post=32290"}],"version-history":[{"count":0,"href":"https:\/\/www.canadim.com\/fr\/wp-json\/wp\/v2\/pages\/32290\/revisions"}],"up":[{"embeddable":true,"href":"https:\/\/www.canadim.com\/fr\/wp-json\/wp\/v2\/pages\/30826"}],"wp:attachment":[{"href":"https:\/\/www.canadim.com\/fr\/wp-json\/wp\/v2\/media?parent=32290"}],"wp:term":[{"taxonomy":"post_tag","embeddable":true,"href":"https:\/\/www.canadim.com\/fr\/wp-json\/wp\/v2\/tags?post=32290"}],"curies":[{"name":"wp","href":"https:\/\/api.w.org\/{rel}","templated":true}]}}