{"id":32339,"date":"2024-04-24T11:22:14","date_gmt":"2024-04-24T15:22:14","guid":{"rendered":"https:\/\/www.canadim.com\/?page_id=32339"},"modified":"2026-04-29T14:29:25","modified_gmt":"2026-04-29T18:29:25","slug":"parrainage-dun-epoux-ou-dun-conjoint-de-fait-au-quebec","status":"publish","type":"page","link":"https:\/\/www.canadim.com\/fr\/parrainage\/parrainer-votre-epoux-ou-conjoint-de-fait\/parrainage-dun-epoux-ou-dun-conjoint-de-fait-au-quebec\/","title":{"rendered":"Parrainage d\u2019un \u00e9poux ou d\u2019un conjoint de fait au Qu\u00e9bec"},"content":{"rendered":"\n<p>Si vous avez l&#8217;intention de parrainer votre \u00e9poux ou conjoint de fait pour qu&#8217;il vive au <strong>Qu\u00e9bec<\/strong>, il est important de comprendre que le Qu\u00e9bec dispose de son propre syst\u00e8me d&#8217;immigration. <\/p>\n\n\n\n<p>Bien que le parrainage d&#8217;un \u00e9poux ou d&#8217;un conjoint de fait permette toujours d&#8217;obtenir la r\u00e9sidence permanente au Canada, le Qu\u00e9bec ajoute une \u00e9tape suppl\u00e9mentaire pour son approbation au niveau provincial.<br><\/p>\n","protected":false},"excerpt":{"rendered":"<p>Si vous avez l&#8217;intention de parrainer votre \u00e9poux ou conjoint de fait pour qu&#8217;il vive au Qu\u00e9bec, il est important de comprendre que le Qu\u00e9bec [&hellip;]<\/p>\n","protected":false},"author":35,"featured_media":0,"parent":30826,"menu_order":3,"comment_status":"closed","ping_status":"closed","template":"","meta":{"_acf_changed":true,"footnotes":""},"tags":[],"class_list":["post-32339","page","type-page","status-publish","hentry"],"acf":[],"yoast_head":"<!-- This site is optimized with the Yoast SEO Premium plugin v22.7 (Yoast SEO v26.6) - https:\/\/yoast.com\/wordpress\/plugins\/seo\/ -->\n<title>Parrainage d\u2019un \u00e9poux ou d\u2019un conjoint de fait au Qu\u00e9bec - Canadim<\/title>\n<meta name=\"description\" content=\"Votre guide complet sur le parrainage d&#039;un \u00e9poux ou d&#039;un conjoint de fait au Qu\u00e9bec. D\u00e9couvrez les \u00e9tapes et les d\u00e9lais de traitement pour parrainer votre partenaire en vue de l&#039;obtention de la r\u00e9sidence permanente au Qu\u00e9bec\" \/>\n<meta name=\"robots\" content=\"index, follow, max-snippet:-1, max-image-preview:large, max-video-preview:-1\" \/>\n<link rel=\"canonical\" href=\"https:\/\/www.canadim.com\/fr\/parrainage\/parrainer-votre-epoux-ou-conjoint-de-fait\/parrainage-dun-epoux-ou-dun-conjoint-de-fait-au-quebec\/\" \/>\n<meta property=\"og:locale\" content=\"fr_FR\" \/>\n<meta property=\"og:type\" content=\"article\" \/>\n<meta property=\"og:title\" content=\"Parrainage d\u2019un \u00e9poux ou d\u2019un conjoint de fait au Qu\u00e9bec\" \/>\n<meta property=\"og:description\" content=\"Votre guide complet sur le parrainage d&#039;un \u00e9poux ou d&#039;un conjoint de fait au Qu\u00e9bec. D\u00e9couvrez les \u00e9tapes et les d\u00e9lais de traitement pour parrainer votre partenaire en vue de l&#039;obtention de la r\u00e9sidence permanente au Qu\u00e9bec\" \/>\n<meta property=\"og:url\" content=\"https:\/\/www.canadim.com\/fr\/parrainage\/parrainer-votre-epoux-ou-conjoint-de-fait\/parrainage-dun-epoux-ou-dun-conjoint-de-fait-au-quebec\/\" \/>\n<meta property=\"og:site_name\" content=\"Canadim\" \/>\n<meta property=\"article:modified_time\" content=\"2026-04-29T18:29:25+00:00\" \/>\n<meta property=\"og:image\" content=\"https:\/\/www.canadim.com\/app\/uploads\/2024\/06\/SMO-EN-CANADIM-1.png\" \/>\n\t<meta property=\"og:image:width\" content=\"1200\" \/>\n\t<meta property=\"og:image:height\" content=\"630\" \/>\n\t<meta property=\"og:image:type\" content=\"image\/png\" \/>\n<meta name=\"twitter:card\" content=\"summary_large_image\" \/>\n<meta name=\"twitter:label1\" content=\"Dur\u00e9e de lecture estim\u00e9e\" \/>\n\t<meta name=\"twitter:data1\" content=\"1 minute\" \/>\n<!-- \/ Yoast SEO Premium plugin. -->","yoast_head_json":{"title":"Parrainage d\u2019un \u00e9poux ou d\u2019un conjoint de fait au Qu\u00e9bec - Canadim","description":"Votre guide complet sur le parrainage d'un \u00e9poux ou d'un conjoint de fait au Qu\u00e9bec. D\u00e9couvrez les \u00e9tapes et les d\u00e9lais de traitement pour parrainer votre partenaire en vue de l'obtention de la r\u00e9sidence permanente au Qu\u00e9bec","robots":{"index":"index","follow":"follow","max-snippet":"max-snippet:-1","max-image-preview":"max-image-preview:large","max-video-preview":"max-video-preview:-1"},"canonical":"https:\/\/www.canadim.com\/fr\/parrainage\/parrainer-votre-epoux-ou-conjoint-de-fait\/parrainage-dun-epoux-ou-dun-conjoint-de-fait-au-quebec\/","og_locale":"fr_FR","og_type":"article","og_title":"Parrainage d\u2019un \u00e9poux ou d\u2019un conjoint de fait au Qu\u00e9bec","og_description":"Votre guide complet sur le parrainage d'un \u00e9poux ou d'un conjoint de fait au Qu\u00e9bec. D\u00e9couvrez les \u00e9tapes et les d\u00e9lais de traitement pour parrainer votre partenaire en vue de l'obtention de la r\u00e9sidence permanente au Qu\u00e9bec","og_url":"https:\/\/www.canadim.com\/fr\/parrainage\/parrainer-votre-epoux-ou-conjoint-de-fait\/parrainage-dun-epoux-ou-dun-conjoint-de-fait-au-quebec\/","og_site_name":"Canadim","article_modified_time":"2026-04-29T18:29:25+00:00","og_image":[{"width":1200,"height":630,"url":"https:\/\/www.canadim.com\/app\/uploads\/2024\/06\/SMO-EN-CANADIM-1.png","type":"image\/png"}],"twitter_card":"summary_large_image","twitter_misc":{"Dur\u00e9e de lecture estim\u00e9e":"1 minute"},"schema":{"@context":"https:\/\/schema.org","@graph":[{"@type":"WebPage","@id":"https:\/\/www.canadim.com\/fr\/parrainage\/parrainer-votre-epoux-ou-conjoint-de-fait\/parrainage-dun-epoux-ou-dun-conjoint-de-fait-au-quebec\/","url":"https:\/\/www.canadim.com\/fr\/parrainage\/parrainer-votre-epoux-ou-conjoint-de-fait\/parrainage-dun-epoux-ou-dun-conjoint-de-fait-au-quebec\/","name":"Parrainage d\u2019un \u00e9poux ou d\u2019un conjoint de fait au Qu\u00e9bec - Canadim","isPartOf":{"@id":"https:\/\/www.canadim.com\/#website"},"datePublished":"2024-04-24T15:22:14+00:00","dateModified":"2026-04-29T18:29:25+00:00","description":"Votre guide complet sur le parrainage d'un \u00e9poux ou d'un conjoint de fait au Qu\u00e9bec. D\u00e9couvrez les \u00e9tapes et les d\u00e9lais de traitement pour parrainer votre partenaire en vue de l'obtention de la r\u00e9sidence permanente au Qu\u00e9bec","breadcrumb":{"@id":"https:\/\/www.canadim.com\/fr\/parrainage\/parrainer-votre-epoux-ou-conjoint-de-fait\/parrainage-dun-epoux-ou-dun-conjoint-de-fait-au-quebec\/#breadcrumb"},"inLanguage":"fr-FR","potentialAction":[{"@type":"ReadAction","target":["https:\/\/www.canadim.com\/fr\/parrainage\/parrainer-votre-epoux-ou-conjoint-de-fait\/parrainage-dun-epoux-ou-dun-conjoint-de-fait-au-quebec\/"]}]},{"@type":"BreadcrumbList","@id":"https:\/\/www.canadim.com\/fr\/parrainage\/parrainer-votre-epoux-ou-conjoint-de-fait\/parrainage-dun-epoux-ou-dun-conjoint-de-fait-au-quebec\/#breadcrumb","itemListElement":[{"@type":"ListItem","position":1,"name":"Home","item":"https:\/\/www.canadim.com\/fr\/"},{"@type":"ListItem","position":2,"name":"Parrainage canadien","item":"https:\/\/www.canadim.com\/fr\/parrainage\/"},{"@type":"ListItem","position":3,"name":"Parrainer votre \u00e9poux ou partenaire conjugal au Canada","item":"https:\/\/www.canadim.com\/fr\/parrainage\/parrainer-votre-epoux-ou-conjoint-de-fait\/"},{"@type":"ListItem","position":4,"name":"Parrainage d\u2019un \u00e9poux ou d\u2019un conjoint de fait au Qu\u00e9bec"}]},{"@type":"WebSite","@id":"https:\/\/www.canadim.com\/#website","url":"https:\/\/www.canadim.com\/","name":"Canadim","description":"Canadian Immigration Law Firm","publisher":{"@id":"https:\/\/www.canadim.com\/#organization"},"potentialAction":[{"@type":"SearchAction","target":{"@type":"EntryPoint","urlTemplate":"https:\/\/www.canadim.com\/?s={search_term_string}"},"query-input":{"@type":"PropertyValueSpecification","valueRequired":true,"valueName":"search_term_string"}}],"inLanguage":"fr-FR"},{"@type":"Organization","@id":"https:\/\/www.canadim.com\/#organization","name":"Canadim","url":"https:\/\/www.canadim.com\/","logo":{"@type":"ImageObject","inLanguage":"fr-FR","@id":"https:\/\/www.canadim.com\/#\/schema\/logo\/image\/","url":"https:\/\/www.canadim.com\/app\/uploads\/2019\/05\/Logo1024.png","contentUrl":"https:\/\/www.canadim.com\/app\/uploads\/2019\/05\/Logo1024.png","width":1200,"height":675,"caption":"Canadim"},"image":{"@id":"https:\/\/www.canadim.com\/#\/schema\/logo\/image\/"}}]}},"_links":{"self":[{"href":"https:\/\/www.canadim.com\/fr\/wp-json\/wp\/v2\/pages\/32339","targetHints":{"allow":["GET"]}}],"collection":[{"href":"https:\/\/www.canadim.com\/fr\/wp-json\/wp\/v2\/pages"}],"about":[{"href":"https:\/\/www.canadim.com\/fr\/wp-json\/wp\/v2\/types\/page"}],"author":[{"embeddable":true,"href":"https:\/\/www.canadim.com\/fr\/wp-json\/wp\/v2\/users\/35"}],"replies":[{"embeddable":true,"href":"https:\/\/www.canadim.com\/fr\/wp-json\/wp\/v2\/comments?post=32339"}],"version-history":[{"count":0,"href":"https:\/\/www.canadim.com\/fr\/wp-json\/wp\/v2\/pages\/32339\/revisions"}],"up":[{"embeddable":true,"href":"https:\/\/www.canadim.com\/fr\/wp-json\/wp\/v2\/pages\/30826"}],"wp:attachment":[{"href":"https:\/\/www.canadim.com\/fr\/wp-json\/wp\/v2\/media?parent=32339"}],"wp:term":[{"taxonomy":"post_tag","embeddable":true,"href":"https:\/\/www.canadim.com\/fr\/wp-json\/wp\/v2\/tags?post=32339"}],"curies":[{"name":"wp","href":"https:\/\/api.w.org\/{rel}","templated":true}]}}