{"id":33356,"date":"2024-03-11T11:43:54","date_gmt":"2024-03-11T15:43:54","guid":{"rendered":"https:\/\/www.canadim.com\/visitor-visas\/business-visitor-visa\/"},"modified":"2025-03-06T16:24:15","modified_gmt":"2025-03-06T21:24:15","slug":"visiteurs-commerciaux-canada","status":"publish","type":"page","link":"https:\/\/www.canadim.com\/fr\/visitor-visas\/visiteurs-commerciaux-canada\/","title":{"rendered":"Visiteurs commerciaux au Canada"},"content":{"rendered":"<p>Les visiteurs commerciaux qui remplissent les conditions requises sont autoris\u00e9s \u00e0 participer \u00e0 certaines activit\u00e9s commerciales internationales au Canada sans avoir besoin d&#8217;un <a href=\"https:\/\/www.canadim.com\/fr\/travail\/\">permis de travail<\/a>.<\/p>\n\n\n<p><\/p>\n","protected":false},"excerpt":{"rendered":"<p>Les visiteurs commerciaux qui remplissent les conditions requises sont autoris\u00e9s \u00e0 participer \u00e0 certaines activit\u00e9s commerciales internationales au Canada sans avoir besoin d&#8217;un permis de [&hellip;]<\/p>\n","protected":false},"author":35,"featured_media":0,"parent":29964,"menu_order":2,"comment_status":"closed","ping_status":"closed","template":"","meta":{"_acf_changed":true,"footnotes":""},"tags":[],"class_list":["post-33356","page","type-page","status-publish","hentry"],"acf":[],"yoast_head":"<!-- This site is optimized with the Yoast SEO Premium plugin v22.7 (Yoast SEO v26.6) - https:\/\/yoast.com\/wordpress\/plugins\/seo\/ -->\n<title>Guide sur les visiteurs commerciaux au Canada: Comment entrer? - Canadim<\/title>\n<meta name=\"description\" content=\"Les visiteurs commerciaux qui remplissent les conditions requises sont autoris\u00e9s \u00e0 participer \u00e0 certaines activit\u00e9s commerciales internationales au Canada sans avoir besoin d&#039;un permis de travail.\" \/>\n<meta name=\"robots\" content=\"index, follow, max-snippet:-1, max-image-preview:large, max-video-preview:-1\" \/>\n<link rel=\"canonical\" href=\"https:\/\/www.canadim.com\/fr\/visitor-visas\/visiteurs-commerciaux-canada\/\" \/>\n<meta property=\"og:locale\" content=\"fr_FR\" \/>\n<meta property=\"og:type\" content=\"article\" \/>\n<meta property=\"og:title\" content=\"Visiteurs commerciaux au Canada\" \/>\n<meta property=\"og:description\" content=\"Les visiteurs commerciaux qui remplissent les conditions requises sont autoris\u00e9s \u00e0 participer \u00e0 certaines activit\u00e9s commerciales internationales au Canada sans avoir besoin d&#039;un permis de travail.\" \/>\n<meta property=\"og:url\" content=\"https:\/\/www.canadim.com\/fr\/visitor-visas\/visiteurs-commerciaux-canada\/\" \/>\n<meta property=\"og:site_name\" content=\"Canadim\" \/>\n<meta property=\"article:modified_time\" content=\"2025-03-06T21:24:15+00:00\" \/>\n<meta property=\"og:image\" content=\"https:\/\/www.canadim.com\/app\/uploads\/2019\/03\/Assessment-Image-Facebook.jpg\" \/>\n\t<meta property=\"og:image:width\" content=\"1200\" \/>\n\t<meta property=\"og:image:height\" content=\"630\" \/>\n\t<meta property=\"og:image:type\" content=\"image\/jpeg\" \/>\n<meta name=\"twitter:card\" content=\"summary_large_image\" \/>\n<meta name=\"twitter:label1\" content=\"Dur\u00e9e de lecture estim\u00e9e\" \/>\n\t<meta name=\"twitter:data1\" content=\"1 minute\" \/>\n<!-- \/ Yoast SEO Premium plugin. -->","yoast_head_json":{"title":"Guide sur les visiteurs commerciaux au Canada: Comment entrer? - Canadim","description":"Les visiteurs commerciaux qui remplissent les conditions requises sont autoris\u00e9s \u00e0 participer \u00e0 certaines activit\u00e9s commerciales internationales au Canada sans avoir besoin d'un permis de travail.","robots":{"index":"index","follow":"follow","max-snippet":"max-snippet:-1","max-image-preview":"max-image-preview:large","max-video-preview":"max-video-preview:-1"},"canonical":"https:\/\/www.canadim.com\/fr\/visitor-visas\/visiteurs-commerciaux-canada\/","og_locale":"fr_FR","og_type":"article","og_title":"Visiteurs commerciaux au Canada","og_description":"Les visiteurs commerciaux qui remplissent les conditions requises sont autoris\u00e9s \u00e0 participer \u00e0 certaines activit\u00e9s commerciales internationales au Canada sans avoir besoin d'un permis de travail.","og_url":"https:\/\/www.canadim.com\/fr\/visitor-visas\/visiteurs-commerciaux-canada\/","og_site_name":"Canadim","article_modified_time":"2025-03-06T21:24:15+00:00","og_image":[{"width":1200,"height":630,"url":"https:\/\/www.canadim.com\/app\/uploads\/2019\/03\/Assessment-Image-Facebook.jpg","type":"image\/jpeg"}],"twitter_card":"summary_large_image","twitter_misc":{"Dur\u00e9e de lecture estim\u00e9e":"1 minute"},"schema":{"@context":"https:\/\/schema.org","@graph":[{"@type":"WebPage","@id":"https:\/\/www.canadim.com\/fr\/visitor-visas\/visiteurs-commerciaux-canada\/","url":"https:\/\/www.canadim.com\/fr\/visitor-visas\/visiteurs-commerciaux-canada\/","name":"Guide sur les visiteurs commerciaux au Canada: Comment entrer? - Canadim","isPartOf":{"@id":"https:\/\/www.canadim.com\/#website"},"datePublished":"2024-03-11T15:43:54+00:00","dateModified":"2025-03-06T21:24:15+00:00","description":"Les visiteurs commerciaux qui remplissent les conditions requises sont autoris\u00e9s \u00e0 participer \u00e0 certaines activit\u00e9s commerciales internationales au Canada sans avoir besoin d'un permis de travail.","breadcrumb":{"@id":"https:\/\/www.canadim.com\/fr\/visitor-visas\/visiteurs-commerciaux-canada\/#breadcrumb"},"inLanguage":"fr-FR","potentialAction":[{"@type":"ReadAction","target":["https:\/\/www.canadim.com\/fr\/visitor-visas\/visiteurs-commerciaux-canada\/"]}]},{"@type":"BreadcrumbList","@id":"https:\/\/www.canadim.com\/fr\/visitor-visas\/visiteurs-commerciaux-canada\/#breadcrumb","itemListElement":[{"@type":"ListItem","position":1,"name":"Home","item":"https:\/\/www.canadim.com\/fr\/"},{"@type":"ListItem","position":2,"name":"Visitor Visas","item":"https:\/\/www.canadim.com\/fr\/?page_id=29964"},{"@type":"ListItem","position":3,"name":"Visiteurs commerciaux au Canada"}]},{"@type":"WebSite","@id":"https:\/\/www.canadim.com\/#website","url":"https:\/\/www.canadim.com\/","name":"Canadim","description":"Canadian Immigration Law Firm","publisher":{"@id":"https:\/\/www.canadim.com\/#organization"},"potentialAction":[{"@type":"SearchAction","target":{"@type":"EntryPoint","urlTemplate":"https:\/\/www.canadim.com\/?s={search_term_string}"},"query-input":{"@type":"PropertyValueSpecification","valueRequired":true,"valueName":"search_term_string"}}],"inLanguage":"fr-FR"},{"@type":"Organization","@id":"https:\/\/www.canadim.com\/#organization","name":"Canadim","url":"https:\/\/www.canadim.com\/","logo":{"@type":"ImageObject","inLanguage":"fr-FR","@id":"https:\/\/www.canadim.com\/#\/schema\/logo\/image\/","url":"https:\/\/www.canadim.com\/app\/uploads\/2019\/05\/Logo1024.png","contentUrl":"https:\/\/www.canadim.com\/app\/uploads\/2019\/05\/Logo1024.png","width":1200,"height":675,"caption":"Canadim"},"image":{"@id":"https:\/\/www.canadim.com\/#\/schema\/logo\/image\/"}}]}},"_links":{"self":[{"href":"https:\/\/www.canadim.com\/fr\/wp-json\/wp\/v2\/pages\/33356","targetHints":{"allow":["GET"]}}],"collection":[{"href":"https:\/\/www.canadim.com\/fr\/wp-json\/wp\/v2\/pages"}],"about":[{"href":"https:\/\/www.canadim.com\/fr\/wp-json\/wp\/v2\/types\/page"}],"author":[{"embeddable":true,"href":"https:\/\/www.canadim.com\/fr\/wp-json\/wp\/v2\/users\/35"}],"replies":[{"embeddable":true,"href":"https:\/\/www.canadim.com\/fr\/wp-json\/wp\/v2\/comments?post=33356"}],"version-history":[{"count":0,"href":"https:\/\/www.canadim.com\/fr\/wp-json\/wp\/v2\/pages\/33356\/revisions"}],"up":[{"embeddable":true,"href":"https:\/\/www.canadim.com\/fr\/wp-json\/wp\/v2\/pages\/29964"}],"wp:attachment":[{"href":"https:\/\/www.canadim.com\/fr\/wp-json\/wp\/v2\/media?parent=33356"}],"wp:term":[{"taxonomy":"post_tag","embeddable":true,"href":"https:\/\/www.canadim.com\/fr\/wp-json\/wp\/v2\/tags?post=33356"}],"curies":[{"name":"wp","href":"https:\/\/api.w.org\/{rel}","templated":true}]}}