{"id":33424,"date":"2025-03-14T16:01:46","date_gmt":"2025-03-14T20:01:46","guid":{"rendered":"https:\/\/www.canadim.com\/?page_id=33424"},"modified":"2025-03-14T16:01:47","modified_gmt":"2025-03-14T20:01:47","slug":"avocat-renaud-dery","status":"publish","type":"page","link":"https:\/\/www.canadim.com\/fr\/avocat-renaud-dery\/","title":{"rendered":"Avocat Renaud Dery"},"content":{"rendered":"<p>Ma\u00eetre Renaud Dery est le fondateur et l&#8217;associ\u00e9 g\u00e9rant du cabinet d&#8217;avocats Canadim Immigration, fond\u00e9 en 2001. Avec plus de 20 ans d&#8217;exp\u00e9rience dans le domaine de l&#8217;immigration, la passion de Renaud Dery est, et a toujours \u00e9t\u00e9, le droit de l&#8217;immigration.<\/p>\n<p>Renaud Dery est avocat, membre du Barreau du Qu\u00e9bec et membre de l&#8217;Association des avocats et avocates en droit de l&#8217;immigration du Qu\u00e9bec. Il est titulaire d&#8217;un dipl\u00f4me en droit civil et en common law de l&#8217;Universit\u00e9 d&#8217;Ottawa, ainsi que d&#8217;une ma\u00eetrise en droit du King&#8217;s College de Londres, en Angleterre. Il est un avocat exp\u00e9riment\u00e9 et certifi\u00e9 en droit de l&#8217;immigration canadien et poss\u00e8de une connaissance approfondie du droit de l&#8217;immigration canadien.<\/p>\n\n\n<p><\/p>\n","protected":false},"excerpt":{"rendered":"<p>Ma\u00eetre Renaud Dery est le fondateur et l&#8217;associ\u00e9 g\u00e9rant du cabinet d&#8217;avocats Canadim Immigration, fond\u00e9 en 2001. Avec plus de 20 ans d&#8217;exp\u00e9rience dans le [&hellip;]<\/p>\n","protected":false},"author":38,"featured_media":0,"parent":0,"menu_order":0,"comment_status":"closed","ping_status":"closed","template":"","meta":{"_acf_changed":true,"footnotes":""},"tags":[],"class_list":["post-33424","page","type-page","status-publish","hentry"],"acf":[],"yoast_head":"<!-- This site is optimized with the Yoast SEO Premium plugin v22.7 (Yoast SEO v26.6) - https:\/\/yoast.com\/wordpress\/plugins\/seo\/ -->\n<title>Avocat Renaud Dery - Canadim<\/title>\n<meta name=\"description\" content=\"L&#039;avocat Renaud Dery est un avocat certifi\u00e9 en droit de l&#039;immigration canadienne par le Barreau du Qu\u00e9bec et fondateur du cabinet d&#039;avocats Canadim.\" \/>\n<meta name=\"robots\" content=\"index, follow, max-snippet:-1, max-image-preview:large, max-video-preview:-1\" \/>\n<link rel=\"canonical\" href=\"https:\/\/www.canadim.com\/fr\/avocat-renaud-dery\/\" \/>\n<meta property=\"og:locale\" content=\"fr_FR\" \/>\n<meta property=\"og:type\" content=\"article\" \/>\n<meta property=\"og:title\" content=\"Avocat Renaud Dery\" \/>\n<meta property=\"og:description\" content=\"L&#039;avocat Renaud Dery est un avocat certifi\u00e9 en droit de l&#039;immigration canadienne par le Barreau du Qu\u00e9bec et fondateur du cabinet d&#039;avocats Canadim.\" \/>\n<meta property=\"og:url\" content=\"https:\/\/www.canadim.com\/fr\/avocat-renaud-dery\/\" \/>\n<meta property=\"og:site_name\" content=\"Canadim\" \/>\n<meta property=\"article:modified_time\" content=\"2025-03-14T20:01:47+00:00\" \/>\n<meta property=\"og:image\" content=\"https:\/\/www.canadim.com\/app\/uploads\/2024\/06\/SMO-EN-CANADIM-1.png\" \/>\n\t<meta property=\"og:image:width\" content=\"1200\" \/>\n\t<meta property=\"og:image:height\" content=\"630\" \/>\n\t<meta property=\"og:image:type\" content=\"image\/png\" \/>\n<meta name=\"twitter:card\" content=\"summary_large_image\" \/>\n<meta name=\"twitter:label1\" content=\"Dur\u00e9e de lecture estim\u00e9e\" \/>\n\t<meta name=\"twitter:data1\" content=\"1 minute\" \/>\n<!-- \/ Yoast SEO Premium plugin. -->","yoast_head_json":{"title":"Avocat Renaud Dery - Canadim","description":"L'avocat Renaud Dery est un avocat certifi\u00e9 en droit de l'immigration canadienne par le Barreau du Qu\u00e9bec et fondateur du cabinet d'avocats Canadim.","robots":{"index":"index","follow":"follow","max-snippet":"max-snippet:-1","max-image-preview":"max-image-preview:large","max-video-preview":"max-video-preview:-1"},"canonical":"https:\/\/www.canadim.com\/fr\/avocat-renaud-dery\/","og_locale":"fr_FR","og_type":"article","og_title":"Avocat Renaud Dery","og_description":"L'avocat Renaud Dery est un avocat certifi\u00e9 en droit de l'immigration canadienne par le Barreau du Qu\u00e9bec et fondateur du cabinet d'avocats Canadim.","og_url":"https:\/\/www.canadim.com\/fr\/avocat-renaud-dery\/","og_site_name":"Canadim","article_modified_time":"2025-03-14T20:01:47+00:00","og_image":[{"width":1200,"height":630,"url":"https:\/\/www.canadim.com\/app\/uploads\/2024\/06\/SMO-EN-CANADIM-1.png","type":"image\/png"}],"twitter_card":"summary_large_image","twitter_misc":{"Dur\u00e9e de lecture estim\u00e9e":"1 minute"},"schema":{"@context":"https:\/\/schema.org","@graph":[{"@type":"WebPage","@id":"https:\/\/www.canadim.com\/fr\/avocat-renaud-dery\/","url":"https:\/\/www.canadim.com\/fr\/avocat-renaud-dery\/","name":"Avocat Renaud Dery - Canadim","isPartOf":{"@id":"https:\/\/www.canadim.com\/#website"},"datePublished":"2025-03-14T20:01:46+00:00","dateModified":"2025-03-14T20:01:47+00:00","description":"L'avocat Renaud Dery est un avocat certifi\u00e9 en droit de l'immigration canadienne par le Barreau du Qu\u00e9bec et fondateur du cabinet d'avocats Canadim.","breadcrumb":{"@id":"https:\/\/www.canadim.com\/fr\/avocat-renaud-dery\/#breadcrumb"},"inLanguage":"fr-FR","potentialAction":[{"@type":"ReadAction","target":["https:\/\/www.canadim.com\/fr\/avocat-renaud-dery\/"]}]},{"@type":"BreadcrumbList","@id":"https:\/\/www.canadim.com\/fr\/avocat-renaud-dery\/#breadcrumb","itemListElement":[{"@type":"ListItem","position":1,"name":"Home","item":"https:\/\/www.canadim.com\/fr\/"},{"@type":"ListItem","position":2,"name":"Avocat Renaud Dery"}]},{"@type":"WebSite","@id":"https:\/\/www.canadim.com\/#website","url":"https:\/\/www.canadim.com\/","name":"Canadim","description":"Canadian Immigration Law Firm","publisher":{"@id":"https:\/\/www.canadim.com\/#organization"},"potentialAction":[{"@type":"SearchAction","target":{"@type":"EntryPoint","urlTemplate":"https:\/\/www.canadim.com\/?s={search_term_string}"},"query-input":{"@type":"PropertyValueSpecification","valueRequired":true,"valueName":"search_term_string"}}],"inLanguage":"fr-FR"},{"@type":"Organization","@id":"https:\/\/www.canadim.com\/#organization","name":"Canadim","url":"https:\/\/www.canadim.com\/","logo":{"@type":"ImageObject","inLanguage":"fr-FR","@id":"https:\/\/www.canadim.com\/#\/schema\/logo\/image\/","url":"https:\/\/www.canadim.com\/app\/uploads\/2019\/05\/Logo1024.png","contentUrl":"https:\/\/www.canadim.com\/app\/uploads\/2019\/05\/Logo1024.png","width":1200,"height":675,"caption":"Canadim"},"image":{"@id":"https:\/\/www.canadim.com\/#\/schema\/logo\/image\/"}}]}},"_links":{"self":[{"href":"https:\/\/www.canadim.com\/fr\/wp-json\/wp\/v2\/pages\/33424","targetHints":{"allow":["GET"]}}],"collection":[{"href":"https:\/\/www.canadim.com\/fr\/wp-json\/wp\/v2\/pages"}],"about":[{"href":"https:\/\/www.canadim.com\/fr\/wp-json\/wp\/v2\/types\/page"}],"author":[{"embeddable":true,"href":"https:\/\/www.canadim.com\/fr\/wp-json\/wp\/v2\/users\/38"}],"replies":[{"embeddable":true,"href":"https:\/\/www.canadim.com\/fr\/wp-json\/wp\/v2\/comments?post=33424"}],"version-history":[{"count":0,"href":"https:\/\/www.canadim.com\/fr\/wp-json\/wp\/v2\/pages\/33424\/revisions"}],"wp:attachment":[{"href":"https:\/\/www.canadim.com\/fr\/wp-json\/wp\/v2\/media?parent=33424"}],"wp:term":[{"taxonomy":"post_tag","embeddable":true,"href":"https:\/\/www.canadim.com\/fr\/wp-json\/wp\/v2\/tags?post=33424"}],"curies":[{"name":"wp","href":"https:\/\/api.w.org\/{rel}","templated":true}]}}