{"id":34749,"date":"2026-04-29T12:07:11","date_gmt":"2026-04-29T16:07:11","guid":{"rendered":"https:\/\/www.canadim.com\/?page_id=34749"},"modified":"2026-04-29T12:09:08","modified_gmt":"2026-04-29T16:09:08","slug":"ipd","status":"publish","type":"page","link":"https:\/\/www.canadim.com\/fr\/immigrer\/entree-express\/ipd\/","title":{"rendered":"Invitation \u00e0 Pr\u00e9senter une Demande (IPD)"},"content":{"rendered":"\n<p>Une <strong>Invitation \u00e0 Pr\u00e9senter une Demande (IPD)<\/strong> est \u00e9mise pour les candidats du bassin de l&#8217;<a href=\"https:\/\/www.canadim.com\/fr\/immigrer\/entree-express\/\">Entr\u00e9e Express<\/a> qui ont obtenu un score comp\u00e9titif dans le cadre du Syst\u00e8me de Classement Global (SCG).<\/p>\n\n\n\n<p>La r\u00e9ception d&#8217;une IPD est une \u00e9tape importante, car elle signifie qu&#8217;Immigration, R\u00e9fugi\u00e9s et Citoyennet\u00e9 Canada (IRCC) vous invite officiellement \u00e0 pr\u00e9senter une demande de r\u00e9sidence permanente canadienne.<\/p>\n\n\n\n<p>Une fois que vous aurez re\u00e7u votre IPD, vous disposerez de <strong>60 jours<\/strong> pour pr\u00e9senter une demande compl\u00e8te.<\/p>\n","protected":false},"excerpt":{"rendered":"<p>Une Invitation \u00e0 Pr\u00e9senter une Demande (IPD) est \u00e9mise pour les candidats du bassin de l&#8217;Entr\u00e9e Express qui ont obtenu un score comp\u00e9titif dans le [&hellip;]<\/p>\n","protected":false},"author":44,"featured_media":0,"parent":29931,"menu_order":4,"comment_status":"closed","ping_status":"closed","template":"","meta":{"_acf_changed":true,"footnotes":""},"tags":[],"class_list":["post-34749","page","type-page","status-publish","hentry"],"acf":[],"yoast_head":"<!-- This site is optimized with the Yoast SEO Premium plugin v22.7 (Yoast SEO v26.6) - https:\/\/yoast.com\/wordpress\/plugins\/seo\/ -->\n<title>Invitation \u00e0 Pr\u00e9senter une Demande (IPD) - Canadim<\/title>\n<meta name=\"description\" content=\"D\u00e9couvrez comment obtenir une invitation \u00e0 pr\u00e9senter une demande (IPD) par le biais de l&#039;Entr\u00e9e Express, les documents requis, les d\u00e9lais et les conseils pour am\u00e9liorer votre score SCG.\" \/>\n<meta name=\"robots\" content=\"index, follow, max-snippet:-1, max-image-preview:large, max-video-preview:-1\" \/>\n<link rel=\"canonical\" href=\"https:\/\/www.canadim.com\/fr\/immigrer\/entree-express\/ipd\/\" \/>\n<meta property=\"og:locale\" content=\"fr_FR\" \/>\n<meta property=\"og:type\" content=\"article\" \/>\n<meta property=\"og:title\" content=\"Invitation \u00e0 Pr\u00e9senter une Demande (IPD)\" \/>\n<meta property=\"og:description\" content=\"D\u00e9couvrez comment obtenir une invitation \u00e0 pr\u00e9senter une demande (IPD) par le biais de l&#039;Entr\u00e9e Express, les documents requis, les d\u00e9lais et les conseils pour am\u00e9liorer votre score SCG.\" \/>\n<meta property=\"og:url\" content=\"https:\/\/www.canadim.com\/fr\/immigrer\/entree-express\/ipd\/\" \/>\n<meta property=\"og:site_name\" content=\"Canadim\" \/>\n<meta property=\"article:modified_time\" content=\"2026-04-29T16:09:08+00:00\" \/>\n<meta property=\"og:image\" content=\"https:\/\/www.canadim.com\/app\/uploads\/2024\/06\/SMO-EN-CANADIM-1.png\" \/>\n\t<meta property=\"og:image:width\" content=\"1200\" \/>\n\t<meta property=\"og:image:height\" content=\"630\" \/>\n\t<meta property=\"og:image:type\" content=\"image\/png\" \/>\n<meta name=\"twitter:card\" content=\"summary_large_image\" \/>\n<meta name=\"twitter:label1\" content=\"Dur\u00e9e de lecture estim\u00e9e\" \/>\n\t<meta name=\"twitter:data1\" content=\"1 minute\" \/>\n<!-- \/ Yoast SEO Premium plugin. -->","yoast_head_json":{"title":"Invitation \u00e0 Pr\u00e9senter une Demande (IPD) - Canadim","description":"D\u00e9couvrez comment obtenir une invitation \u00e0 pr\u00e9senter une demande (IPD) par le biais de l'Entr\u00e9e Express, les documents requis, les d\u00e9lais et les conseils pour am\u00e9liorer votre score SCG.","robots":{"index":"index","follow":"follow","max-snippet":"max-snippet:-1","max-image-preview":"max-image-preview:large","max-video-preview":"max-video-preview:-1"},"canonical":"https:\/\/www.canadim.com\/fr\/immigrer\/entree-express\/ipd\/","og_locale":"fr_FR","og_type":"article","og_title":"Invitation \u00e0 Pr\u00e9senter une Demande (IPD)","og_description":"D\u00e9couvrez comment obtenir une invitation \u00e0 pr\u00e9senter une demande (IPD) par le biais de l'Entr\u00e9e Express, les documents requis, les d\u00e9lais et les conseils pour am\u00e9liorer votre score SCG.","og_url":"https:\/\/www.canadim.com\/fr\/immigrer\/entree-express\/ipd\/","og_site_name":"Canadim","article_modified_time":"2026-04-29T16:09:08+00:00","og_image":[{"width":1200,"height":630,"url":"https:\/\/www.canadim.com\/app\/uploads\/2024\/06\/SMO-EN-CANADIM-1.png","type":"image\/png"}],"twitter_card":"summary_large_image","twitter_misc":{"Dur\u00e9e de lecture estim\u00e9e":"1 minute"},"schema":{"@context":"https:\/\/schema.org","@graph":[{"@type":"WebPage","@id":"https:\/\/www.canadim.com\/fr\/immigrer\/entree-express\/ipd\/","url":"https:\/\/www.canadim.com\/fr\/immigrer\/entree-express\/ipd\/","name":"Invitation \u00e0 Pr\u00e9senter une Demande (IPD) - Canadim","isPartOf":{"@id":"https:\/\/www.canadim.com\/#website"},"datePublished":"2026-04-29T16:07:11+00:00","dateModified":"2026-04-29T16:09:08+00:00","description":"D\u00e9couvrez comment obtenir une invitation \u00e0 pr\u00e9senter une demande (IPD) par le biais de l'Entr\u00e9e Express, les documents requis, les d\u00e9lais et les conseils pour am\u00e9liorer votre score SCG.","breadcrumb":{"@id":"https:\/\/www.canadim.com\/fr\/immigrer\/entree-express\/ipd\/#breadcrumb"},"inLanguage":"fr-FR","potentialAction":[{"@type":"ReadAction","target":["https:\/\/www.canadim.com\/fr\/immigrer\/entree-express\/ipd\/"]}]},{"@type":"BreadcrumbList","@id":"https:\/\/www.canadim.com\/fr\/immigrer\/entree-express\/ipd\/#breadcrumb","itemListElement":[{"@type":"ListItem","position":1,"name":"Home","item":"https:\/\/www.canadim.com\/fr\/"},{"@type":"ListItem","position":2,"name":"Comment immigrer au Canada","item":"https:\/\/www.canadim.com\/fr\/immigrer\/"},{"@type":"ListItem","position":3,"name":"Guide d&#8217;entr\u00e9e express au Canada","item":"https:\/\/www.canadim.com\/fr\/immigrer\/entree-express\/"},{"@type":"ListItem","position":4,"name":"Invitation \u00e0 Pr\u00e9senter une Demande (IPD)"}]},{"@type":"WebSite","@id":"https:\/\/www.canadim.com\/#website","url":"https:\/\/www.canadim.com\/","name":"Canadim","description":"Canadian Immigration Law Firm","publisher":{"@id":"https:\/\/www.canadim.com\/#organization"},"potentialAction":[{"@type":"SearchAction","target":{"@type":"EntryPoint","urlTemplate":"https:\/\/www.canadim.com\/?s={search_term_string}"},"query-input":{"@type":"PropertyValueSpecification","valueRequired":true,"valueName":"search_term_string"}}],"inLanguage":"fr-FR"},{"@type":"Organization","@id":"https:\/\/www.canadim.com\/#organization","name":"Canadim","url":"https:\/\/www.canadim.com\/","logo":{"@type":"ImageObject","inLanguage":"fr-FR","@id":"https:\/\/www.canadim.com\/#\/schema\/logo\/image\/","url":"https:\/\/www.canadim.com\/app\/uploads\/2019\/05\/Logo1024.png","contentUrl":"https:\/\/www.canadim.com\/app\/uploads\/2019\/05\/Logo1024.png","width":1200,"height":675,"caption":"Canadim"},"image":{"@id":"https:\/\/www.canadim.com\/#\/schema\/logo\/image\/"}}]}},"_links":{"self":[{"href":"https:\/\/www.canadim.com\/fr\/wp-json\/wp\/v2\/pages\/34749","targetHints":{"allow":["GET"]}}],"collection":[{"href":"https:\/\/www.canadim.com\/fr\/wp-json\/wp\/v2\/pages"}],"about":[{"href":"https:\/\/www.canadim.com\/fr\/wp-json\/wp\/v2\/types\/page"}],"author":[{"embeddable":true,"href":"https:\/\/www.canadim.com\/fr\/wp-json\/wp\/v2\/users\/44"}],"replies":[{"embeddable":true,"href":"https:\/\/www.canadim.com\/fr\/wp-json\/wp\/v2\/comments?post=34749"}],"version-history":[{"count":0,"href":"https:\/\/www.canadim.com\/fr\/wp-json\/wp\/v2\/pages\/34749\/revisions"}],"up":[{"embeddable":true,"href":"https:\/\/www.canadim.com\/fr\/wp-json\/wp\/v2\/pages\/29931"}],"wp:attachment":[{"href":"https:\/\/www.canadim.com\/fr\/wp-json\/wp\/v2\/media?parent=34749"}],"wp:term":[{"taxonomy":"post_tag","embeddable":true,"href":"https:\/\/www.canadim.com\/fr\/wp-json\/wp\/v2\/tags?post=34749"}],"curies":[{"name":"wp","href":"https:\/\/api.w.org\/{rel}","templated":true}]}}