{"id":34774,"date":"2026-04-30T11:18:45","date_gmt":"2026-04-30T15:18:45","guid":{"rendered":"https:\/\/www.canadim.com\/?page_id=34774"},"modified":"2026-04-30T11:28:43","modified_gmt":"2026-04-30T15:28:43","slug":"entree-canada-avec-casier-judiciaire","status":"publish","type":"page","link":"https:\/\/www.canadim.com\/fr\/entree-canada-avec-casier-judiciaire\/","title":{"rendered":"Entr\u00e9e au Canada avec un casier judiciaire"},"content":{"rendered":"\n<p>Entrer au Canada avec un casier judiciaire peut s&#8217;av\u00e9rer difficile. Mais il existe des <strong>voies l\u00e9gales qui peuvent vous permettre de surmonter l&#8217;interdiction de territoire pour motif criminel et de vous rendre au Canada<\/strong>.<\/p>\n\n\n\n<p>M\u00eame des infractions mineures commises \u00e0 l&#8217;\u00e9tranger peuvent entra\u00eener un <strong>refus d&#8217;entr\u00e9e \u00e0 la fronti\u00e8re<\/strong>. En effet, au Canada, les infractions ne sont pas class\u00e9es selon la gravit\u00e9 du d\u00e9lit. Au contraire, toutes les infractions sont \u00e9valu\u00e9es en fonction de leur <strong>\u00e9quivalent en vertu du droit canadien.<\/strong><\/p>\n\n\n\n<p>M\u00eame si vous avez un casier judiciaire, vous pourriez tout de m\u00eame entrer au Canada gr\u00e2ce aux options suivantes&nbsp;:<\/p>\n\n\n\n<ul class=\"wp-block-list\">\n<li>Permis de s\u00e9jour temporaire (PST)<\/li>\n\n\n\n<li>R\u00e9adaptation criminelle<\/li>\n\n\n\n<li>R\u00e9adaptation pr\u00e9sum\u00e9e<\/li>\n\n\n\n<li>Lettre faisant \u00e9tat d\u2019un avis juridique<\/li>\n<\/ul>\n","protected":false},"excerpt":{"rendered":"<p>Entrer au Canada avec un casier judiciaire peut s&#8217;av\u00e9rer difficile. Mais il existe des voies l\u00e9gales qui peuvent vous permettre de surmonter l&#8217;interdiction de territoire [&hellip;]<\/p>\n","protected":false},"author":44,"featured_media":0,"parent":0,"menu_order":2,"comment_status":"closed","ping_status":"closed","template":"","meta":{"_acf_changed":true,"footnotes":""},"tags":[],"class_list":["post-34774","page","type-page","status-publish","hentry"],"acf":[],"yoast_head":"<!-- This site is optimized with the Yoast SEO Premium plugin v22.7 (Yoast SEO v26.6) - https:\/\/yoast.com\/wordpress\/plugins\/seo\/ -->\n<title>Entr\u00e9e au Canada avec un casier judiciaire - Canadim<\/title>\n<meta name=\"description\" content=\"D\u00e9couvrez les options qui s&#039;offrent \u00e0 vous pour entrer au Canada avec un casier judiciaire. Ne vous faites pas refouler \u00e0 la fronti\u00e8re. Communiquez avec Canadim pour obtenir de l&#039;aide.\" \/>\n<meta name=\"robots\" content=\"noindex, follow\" \/>\n<meta property=\"og:locale\" content=\"fr_FR\" \/>\n<meta property=\"og:type\" content=\"article\" \/>\n<meta property=\"og:title\" content=\"Entr\u00e9e au Canada avec un casier judiciaire\" \/>\n<meta property=\"og:description\" content=\"D\u00e9couvrez les options qui s&#039;offrent \u00e0 vous pour entrer au Canada avec un casier judiciaire. Ne vous faites pas refouler \u00e0 la fronti\u00e8re. Communiquez avec Canadim pour obtenir de l&#039;aide.\" \/>\n<meta property=\"og:url\" content=\"https:\/\/www.canadim.com\/fr\/entree-canada-avec-casier-judiciaire\/\" \/>\n<meta property=\"og:site_name\" content=\"Canadim\" \/>\n<meta property=\"article:modified_time\" content=\"2026-04-30T15:28:43+00:00\" \/>\n<meta property=\"og:image\" content=\"https:\/\/www.canadim.com\/app\/uploads\/2024\/06\/SMO-EN-CANADIM-1.png\" \/>\n\t<meta property=\"og:image:width\" content=\"1200\" \/>\n\t<meta property=\"og:image:height\" content=\"630\" \/>\n\t<meta property=\"og:image:type\" content=\"image\/png\" \/>\n<meta name=\"twitter:card\" content=\"summary_large_image\" \/>\n<meta name=\"twitter:label1\" content=\"Dur\u00e9e de lecture estim\u00e9e\" \/>\n\t<meta name=\"twitter:data1\" content=\"1 minute\" \/>\n<!-- \/ Yoast SEO Premium plugin. -->","yoast_head_json":{"title":"Entr\u00e9e au Canada avec un casier judiciaire - Canadim","description":"D\u00e9couvrez les options qui s'offrent \u00e0 vous pour entrer au Canada avec un casier judiciaire. Ne vous faites pas refouler \u00e0 la fronti\u00e8re. Communiquez avec Canadim pour obtenir de l'aide.","robots":{"index":"noindex","follow":"follow"},"og_locale":"fr_FR","og_type":"article","og_title":"Entr\u00e9e au Canada avec un casier judiciaire","og_description":"D\u00e9couvrez les options qui s'offrent \u00e0 vous pour entrer au Canada avec un casier judiciaire. Ne vous faites pas refouler \u00e0 la fronti\u00e8re. Communiquez avec Canadim pour obtenir de l'aide.","og_url":"https:\/\/www.canadim.com\/fr\/entree-canada-avec-casier-judiciaire\/","og_site_name":"Canadim","article_modified_time":"2026-04-30T15:28:43+00:00","og_image":[{"width":1200,"height":630,"url":"https:\/\/www.canadim.com\/app\/uploads\/2024\/06\/SMO-EN-CANADIM-1.png","type":"image\/png"}],"twitter_card":"summary_large_image","twitter_misc":{"Dur\u00e9e de lecture estim\u00e9e":"1 minute"},"schema":{"@context":"https:\/\/schema.org","@graph":[{"@type":"WebPage","@id":"https:\/\/www.canadim.com\/fr\/entree-canada-avec-casier-judiciaire\/","url":"https:\/\/www.canadim.com\/fr\/entree-canada-avec-casier-judiciaire\/","name":"Entr\u00e9e au Canada avec un casier judiciaire - Canadim","isPartOf":{"@id":"https:\/\/www.canadim.com\/#website"},"datePublished":"2026-04-30T15:18:45+00:00","dateModified":"2026-04-30T15:28:43+00:00","description":"D\u00e9couvrez les options qui s'offrent \u00e0 vous pour entrer au Canada avec un casier judiciaire. Ne vous faites pas refouler \u00e0 la fronti\u00e8re. Communiquez avec Canadim pour obtenir de l'aide.","breadcrumb":{"@id":"https:\/\/www.canadim.com\/fr\/entree-canada-avec-casier-judiciaire\/#breadcrumb"},"inLanguage":"fr-FR","potentialAction":[{"@type":"ReadAction","target":["https:\/\/www.canadim.com\/fr\/entree-canada-avec-casier-judiciaire\/"]}]},{"@type":"BreadcrumbList","@id":"https:\/\/www.canadim.com\/fr\/entree-canada-avec-casier-judiciaire\/#breadcrumb","itemListElement":[{"@type":"ListItem","position":1,"name":"Home","item":"https:\/\/www.canadim.com\/fr\/"},{"@type":"ListItem","position":2,"name":"Entr\u00e9e au Canada avec un casier judiciaire"}]},{"@type":"WebSite","@id":"https:\/\/www.canadim.com\/#website","url":"https:\/\/www.canadim.com\/","name":"Canadim","description":"Canadian Immigration Law Firm","publisher":{"@id":"https:\/\/www.canadim.com\/#organization"},"potentialAction":[{"@type":"SearchAction","target":{"@type":"EntryPoint","urlTemplate":"https:\/\/www.canadim.com\/?s={search_term_string}"},"query-input":{"@type":"PropertyValueSpecification","valueRequired":true,"valueName":"search_term_string"}}],"inLanguage":"fr-FR"},{"@type":"Organization","@id":"https:\/\/www.canadim.com\/#organization","name":"Canadim","url":"https:\/\/www.canadim.com\/","logo":{"@type":"ImageObject","inLanguage":"fr-FR","@id":"https:\/\/www.canadim.com\/#\/schema\/logo\/image\/","url":"https:\/\/www.canadim.com\/app\/uploads\/2019\/05\/Logo1024.png","contentUrl":"https:\/\/www.canadim.com\/app\/uploads\/2019\/05\/Logo1024.png","width":1200,"height":675,"caption":"Canadim"},"image":{"@id":"https:\/\/www.canadim.com\/#\/schema\/logo\/image\/"}}]}},"_links":{"self":[{"href":"https:\/\/www.canadim.com\/fr\/wp-json\/wp\/v2\/pages\/34774","targetHints":{"allow":["GET"]}}],"collection":[{"href":"https:\/\/www.canadim.com\/fr\/wp-json\/wp\/v2\/pages"}],"about":[{"href":"https:\/\/www.canadim.com\/fr\/wp-json\/wp\/v2\/types\/page"}],"author":[{"embeddable":true,"href":"https:\/\/www.canadim.com\/fr\/wp-json\/wp\/v2\/users\/44"}],"replies":[{"embeddable":true,"href":"https:\/\/www.canadim.com\/fr\/wp-json\/wp\/v2\/comments?post=34774"}],"version-history":[{"count":0,"href":"https:\/\/www.canadim.com\/fr\/wp-json\/wp\/v2\/pages\/34774\/revisions"}],"wp:attachment":[{"href":"https:\/\/www.canadim.com\/fr\/wp-json\/wp\/v2\/media?parent=34774"}],"wp:term":[{"taxonomy":"post_tag","embeddable":true,"href":"https:\/\/www.canadim.com\/fr\/wp-json\/wp\/v2\/tags?post=34774"}],"curies":[{"name":"wp","href":"https:\/\/api.w.org\/{rel}","templated":true}]}}