{"id":34835,"date":"2026-05-08T11:15:19","date_gmt":"2026-05-08T15:15:19","guid":{"rendered":"https:\/\/www.canadim.com\/?page_id=34835"},"modified":"2026-05-08T11:34:24","modified_gmt":"2026-05-08T15:34:24","slug":"permis-travail-ouvert-pour-epoux-epoux-travailleurs-etudiants-etrangers","status":"publish","type":"page","link":"https:\/\/www.canadim.com\/fr\/travail\/permis-travail-ouvert\/permis-travail-ouvert-pour-epoux-epoux-travailleurs-etudiants-etrangers\/","title":{"rendered":"Permis de travail ouvert pour \u00e9poux\u00a0:\u00a0 \u00e9poux des travailleurs et \u00e9tudiants \u00e9trangers"},"content":{"rendered":"\n<p>Si votre \u00e9poux ou conjoint de fait <a href=\"https:\/\/www.canadim.com\/fr\/travail\/\">travaille <\/a>ou <a href=\"https:\/\/www.canadim.com\/fr\/etudier\/\">\u00e9tudie<\/a> au Canada, vous pourriez \u00eatre admissible \u00e0 un <strong>Permis de travail ouvert pour \u00e9poux<\/strong>.\u00a0<\/p>\n\n\n\n<p>Ce permis vous permet de vivre et de travailler au Canada tant que votre partenaire conserve un statut temporaire valide.<\/p>\n\n\n\n<p>*<em>Pour plus d&#8217;informations sur les permis de travail ouverts destin\u00e9s aux demandeurs de parrainage d&#8217;un \u00e9poux, <\/em><a href=\"https:\/\/www.canadim.com\/fr\/travail\/permis-travail-ouvert\/transitoire\/\"><em>cliquez ici<\/em><\/a><em>.\u00a0<\/em><\/p>\n","protected":false},"excerpt":{"rendered":"<p>Si votre \u00e9poux ou conjoint de fait travaille ou \u00e9tudie au Canada, vous pourriez \u00eatre admissible \u00e0 un Permis de travail ouvert pour \u00e9poux.\u00a0 Ce [&hellip;]<\/p>\n","protected":false},"author":44,"featured_media":0,"parent":29984,"menu_order":0,"comment_status":"closed","ping_status":"closed","template":"","meta":{"_acf_changed":true,"footnotes":""},"tags":[],"class_list":["post-34835","page","type-page","status-publish","hentry"],"acf":[],"yoast_head":"<!-- This site is optimized with the Yoast SEO Premium plugin v22.7 (Yoast SEO v26.6) - https:\/\/yoast.com\/wordpress\/plugins\/seo\/ -->\n<title>Permis de travail ouvert pour \u00e9poux\u00a0:\u00a0 \u00e9poux des travailleurs et \u00e9tudiants \u00e9trangers - Canadim<\/title>\n<meta name=\"description\" content=\"D\u00e9couvrez comment pr\u00e9senter une demande de Permis de travail ouvert pour \u00e9poux au Canada. Apprenez-en davantage sur les conditions d&#039;admissibilit\u00e9, les d\u00e9lais de traitement, les frais et les modalit\u00e9s permettant aux \u00e9poux de travailleurs et d&#039;\u00e9tudiants \u00e9trangers de travailler au Canada.\" \/>\n<meta name=\"robots\" content=\"index, follow, max-snippet:-1, max-image-preview:large, max-video-preview:-1\" \/>\n<link rel=\"canonical\" href=\"https:\/\/www.canadim.com\/fr\/travail\/permis-travail-ouvert\/permis-travail-ouvert-pour-epoux-epoux-travailleurs-etudiants-etrangers\/\" \/>\n<meta property=\"og:locale\" content=\"fr_FR\" \/>\n<meta property=\"og:type\" content=\"article\" \/>\n<meta property=\"og:title\" content=\"Permis de travail ouvert pour \u00e9poux\u00a0:\u00a0 \u00e9poux des travailleurs et \u00e9tudiants \u00e9trangers\" \/>\n<meta property=\"og:description\" content=\"D\u00e9couvrez comment pr\u00e9senter une demande de Permis de travail ouvert pour \u00e9poux au Canada. Apprenez-en davantage sur les conditions d&#039;admissibilit\u00e9, les d\u00e9lais de traitement, les frais et les modalit\u00e9s permettant aux \u00e9poux de travailleurs et d&#039;\u00e9tudiants \u00e9trangers de travailler au Canada.\" \/>\n<meta property=\"og:url\" content=\"https:\/\/www.canadim.com\/fr\/travail\/permis-travail-ouvert\/permis-travail-ouvert-pour-epoux-epoux-travailleurs-etudiants-etrangers\/\" \/>\n<meta property=\"og:site_name\" content=\"Canadim\" \/>\n<meta property=\"article:modified_time\" content=\"2026-05-08T15:34:24+00:00\" \/>\n<meta property=\"og:image\" content=\"https:\/\/www.canadim.com\/app\/uploads\/2024\/06\/SMO-EN-CANADIM-1.png\" \/>\n\t<meta property=\"og:image:width\" content=\"1200\" \/>\n\t<meta property=\"og:image:height\" content=\"630\" \/>\n\t<meta property=\"og:image:type\" content=\"image\/png\" \/>\n<meta name=\"twitter:card\" content=\"summary_large_image\" \/>\n<meta name=\"twitter:label1\" content=\"Dur\u00e9e de lecture estim\u00e9e\" \/>\n\t<meta name=\"twitter:data1\" content=\"1 minute\" \/>\n<!-- \/ Yoast SEO Premium plugin. -->","yoast_head_json":{"title":"Permis de travail ouvert pour \u00e9poux\u00a0:\u00a0 \u00e9poux des travailleurs et \u00e9tudiants \u00e9trangers - Canadim","description":"D\u00e9couvrez comment pr\u00e9senter une demande de Permis de travail ouvert pour \u00e9poux au Canada. Apprenez-en davantage sur les conditions d'admissibilit\u00e9, les d\u00e9lais de traitement, les frais et les modalit\u00e9s permettant aux \u00e9poux de travailleurs et d'\u00e9tudiants \u00e9trangers de travailler au Canada.","robots":{"index":"index","follow":"follow","max-snippet":"max-snippet:-1","max-image-preview":"max-image-preview:large","max-video-preview":"max-video-preview:-1"},"canonical":"https:\/\/www.canadim.com\/fr\/travail\/permis-travail-ouvert\/permis-travail-ouvert-pour-epoux-epoux-travailleurs-etudiants-etrangers\/","og_locale":"fr_FR","og_type":"article","og_title":"Permis de travail ouvert pour \u00e9poux\u00a0:\u00a0 \u00e9poux des travailleurs et \u00e9tudiants \u00e9trangers","og_description":"D\u00e9couvrez comment pr\u00e9senter une demande de Permis de travail ouvert pour \u00e9poux au Canada. Apprenez-en davantage sur les conditions d'admissibilit\u00e9, les d\u00e9lais de traitement, les frais et les modalit\u00e9s permettant aux \u00e9poux de travailleurs et d'\u00e9tudiants \u00e9trangers de travailler au Canada.","og_url":"https:\/\/www.canadim.com\/fr\/travail\/permis-travail-ouvert\/permis-travail-ouvert-pour-epoux-epoux-travailleurs-etudiants-etrangers\/","og_site_name":"Canadim","article_modified_time":"2026-05-08T15:34:24+00:00","og_image":[{"width":1200,"height":630,"url":"https:\/\/www.canadim.com\/app\/uploads\/2024\/06\/SMO-EN-CANADIM-1.png","type":"image\/png"}],"twitter_card":"summary_large_image","twitter_misc":{"Dur\u00e9e de lecture estim\u00e9e":"1 minute"},"schema":{"@context":"https:\/\/schema.org","@graph":[{"@type":"WebPage","@id":"https:\/\/www.canadim.com\/fr\/travail\/permis-travail-ouvert\/permis-travail-ouvert-pour-epoux-epoux-travailleurs-etudiants-etrangers\/","url":"https:\/\/www.canadim.com\/fr\/travail\/permis-travail-ouvert\/permis-travail-ouvert-pour-epoux-epoux-travailleurs-etudiants-etrangers\/","name":"Permis de travail ouvert pour \u00e9poux\u00a0:\u00a0 \u00e9poux des travailleurs et \u00e9tudiants \u00e9trangers - Canadim","isPartOf":{"@id":"https:\/\/www.canadim.com\/#website"},"datePublished":"2026-05-08T15:15:19+00:00","dateModified":"2026-05-08T15:34:24+00:00","description":"D\u00e9couvrez comment pr\u00e9senter une demande de Permis de travail ouvert pour \u00e9poux au Canada. Apprenez-en davantage sur les conditions d'admissibilit\u00e9, les d\u00e9lais de traitement, les frais et les modalit\u00e9s permettant aux \u00e9poux de travailleurs et d'\u00e9tudiants \u00e9trangers de travailler au Canada.","breadcrumb":{"@id":"https:\/\/www.canadim.com\/fr\/travail\/permis-travail-ouvert\/permis-travail-ouvert-pour-epoux-epoux-travailleurs-etudiants-etrangers\/#breadcrumb"},"inLanguage":"fr-FR","potentialAction":[{"@type":"ReadAction","target":["https:\/\/www.canadim.com\/fr\/travail\/permis-travail-ouvert\/permis-travail-ouvert-pour-epoux-epoux-travailleurs-etudiants-etrangers\/"]}]},{"@type":"BreadcrumbList","@id":"https:\/\/www.canadim.com\/fr\/travail\/permis-travail-ouvert\/permis-travail-ouvert-pour-epoux-epoux-travailleurs-etudiants-etrangers\/#breadcrumb","itemListElement":[{"@type":"ListItem","position":1,"name":"Home","item":"https:\/\/www.canadim.com\/fr\/"},{"@type":"ListItem","position":2,"name":"Travailler au Canada : Processus de visa et de permis de travail Canada","item":"https:\/\/www.canadim.com\/fr\/travail\/"},{"@type":"ListItem","position":3,"name":"Permis de travail ouvert","item":"https:\/\/www.canadim.com\/fr\/travail\/permis-travail-ouvert\/"},{"@type":"ListItem","position":4,"name":"Permis de travail ouvert pour \u00e9poux\u00a0:\u00a0 \u00e9poux des travailleurs et \u00e9tudiants \u00e9trangers"}]},{"@type":"WebSite","@id":"https:\/\/www.canadim.com\/#website","url":"https:\/\/www.canadim.com\/","name":"Canadim","description":"Canadian Immigration Law Firm","publisher":{"@id":"https:\/\/www.canadim.com\/#organization"},"potentialAction":[{"@type":"SearchAction","target":{"@type":"EntryPoint","urlTemplate":"https:\/\/www.canadim.com\/?s={search_term_string}"},"query-input":{"@type":"PropertyValueSpecification","valueRequired":true,"valueName":"search_term_string"}}],"inLanguage":"fr-FR"},{"@type":"Organization","@id":"https:\/\/www.canadim.com\/#organization","name":"Canadim","url":"https:\/\/www.canadim.com\/","logo":{"@type":"ImageObject","inLanguage":"fr-FR","@id":"https:\/\/www.canadim.com\/#\/schema\/logo\/image\/","url":"https:\/\/www.canadim.com\/app\/uploads\/2019\/05\/Logo1024.png","contentUrl":"https:\/\/www.canadim.com\/app\/uploads\/2019\/05\/Logo1024.png","width":1200,"height":675,"caption":"Canadim"},"image":{"@id":"https:\/\/www.canadim.com\/#\/schema\/logo\/image\/"}}]}},"_links":{"self":[{"href":"https:\/\/www.canadim.com\/fr\/wp-json\/wp\/v2\/pages\/34835","targetHints":{"allow":["GET"]}}],"collection":[{"href":"https:\/\/www.canadim.com\/fr\/wp-json\/wp\/v2\/pages"}],"about":[{"href":"https:\/\/www.canadim.com\/fr\/wp-json\/wp\/v2\/types\/page"}],"author":[{"embeddable":true,"href":"https:\/\/www.canadim.com\/fr\/wp-json\/wp\/v2\/users\/44"}],"replies":[{"embeddable":true,"href":"https:\/\/www.canadim.com\/fr\/wp-json\/wp\/v2\/comments?post=34835"}],"version-history":[{"count":0,"href":"https:\/\/www.canadim.com\/fr\/wp-json\/wp\/v2\/pages\/34835\/revisions"}],"up":[{"embeddable":true,"href":"https:\/\/www.canadim.com\/fr\/wp-json\/wp\/v2\/pages\/29984"}],"wp:attachment":[{"href":"https:\/\/www.canadim.com\/fr\/wp-json\/wp\/v2\/media?parent=34835"}],"wp:term":[{"taxonomy":"post_tag","embeddable":true,"href":"https:\/\/www.canadim.com\/fr\/wp-json\/wp\/v2\/tags?post=34835"}],"curies":[{"name":"wp","href":"https:\/\/api.w.org\/{rel}","templated":true}]}}